{"id":1987,"date":"2025-03-16T16:22:50","date_gmt":"2025-03-16T16:22:50","guid":{"rendered":"https:\/\/mirracosmeticos.com\/?page_id=1987"},"modified":"2025-07-24T15:01:37","modified_gmt":"2025-07-24T15:01:37","slug":"ja-sou-salao-mirra","status":"publish","type":"page","link":"https:\/\/mirracosmeticos.com\/en\/ja-sou-salao-mirra\/","title":{"rendered":"I am already a Mirra salon"},"content":{"rendered":"\t\t<div data-elementor-type=\"wp-page\" data-elementor-id=\"1987\" class=\"elementor elementor-1987\" data-elementor-settings=\"{&quot;ha_cmc_init_switcher&quot;:&quot;no&quot;}\" data-elementor-post-type=\"page\">\n\t\t\t\t\t\t<section class=\"elementor-section elementor-top-section elementor-element elementor-element-084afe7 elementor-section-height-min-height elementor-section-items-stretch elementor-section-boxed elementor-section-height-default\" data-id=\"084afe7\" data-element_type=\"section\" data-e-type=\"section\" data-settings=\"{&quot;jet_parallax_layout_list&quot;:[],&quot;_ha_eqh_enable&quot;:false}\">\n\t\t\t\t\t\t<div class=\"elementor-container elementor-column-gap-wider\">\n\t\t\t\t\t<div class=\"elementor-column elementor-col-50 elementor-top-column elementor-element elementor-element-f098298\" data-id=\"f098298\" data-element_type=\"column\" data-e-type=\"column\">\n\t\t\t<div class=\"elementor-widget-wrap elementor-element-populated\">\n\t\t\t\t\t\t<div class=\"elementor-element elementor-element-7b0b010 elementor-widget elementor-widget-heading\" data-id=\"7b0b010\" data-element_type=\"widget\" data-e-type=\"widget\" data-widget_type=\"heading.default\">\n\t\t\t\t<div class=\"elementor-widget-container\">\n\t\t\t\t\t<h2 class=\"elementor-heading-title elementor-size-default\">J\u00e1 sou sal\u00e3o Mirra<\/h2>\t\t\t\t<\/div>\n\t\t\t\t<\/div>\n\t\t\t\t<div class=\"elementor-element elementor-element-a628505 elementor-widget elementor-widget-image\" data-id=\"a628505\" data-element_type=\"widget\" data-e-type=\"widget\" data-widget_type=\"image.default\">\n\t\t\t\t<div class=\"elementor-widget-container\">\n\t\t\t\t\t\t\t\t\t\t\t\t\t\t\t<img fetchpriority=\"high\" decoding=\"async\" width=\"683\" height=\"540\" src=\"https:\/\/mirracosmeticos.com\/wp-content\/uploads\/2025\/03\/salao.jpg\" class=\"attachment-large size-large wp-image-1988\" alt=\"\" srcset=\"https:\/\/mirracosmeticos.com\/wp-content\/uploads\/2025\/03\/salao.jpg 683w, https:\/\/mirracosmeticos.com\/wp-content\/uploads\/2025\/03\/salao-300x237.jpg 300w\" sizes=\"(max-width: 683px) 100vw, 683px\" \/>\t\t\t\t\t\t\t\t\t\t\t\t\t\t\t<\/div>\n\t\t\t\t<\/div>\n\t\t\t\t<div class=\"elementor-element elementor-element-63569b7 elementor-widget elementor-widget-text-editor\" data-id=\"63569b7\" data-element_type=\"widget\" data-e-type=\"widget\" data-widget_type=\"text-editor.default\">\n\t\t\t\t<div class=\"elementor-widget-container\">\n\t\t\t\t\t\t\t\t\t<p>Ao preencher suas informa\u00e7\u00f5es, o seu sal\u00e3o de beleza poder\u00e1 ser indicado para clientes que buscam produtos de qualidade em sua regi\u00e3o, oferecendo a oportunidade de ser encontrado por milhares de consumidores que procuram os produtos da marca. N\u00e3o perca essa chance de expandir seus neg\u00f3cios e alcan\u00e7ar mais clientes em potencial. Cadastre-se agora e aumente sua visibilidade no mercado de beleza.<\/p>\t\t\t\t\t\t\t\t<\/div>\n\t\t\t\t<\/div>\n\t\t\t\t\t<\/div>\n\t\t<\/div>\n\t\t\t\t<div class=\"elementor-column elementor-col-50 elementor-top-column elementor-element elementor-element-790fc37\" data-id=\"790fc37\" data-element_type=\"column\" data-e-type=\"column\">\n\t\t\t<div class=\"elementor-widget-wrap elementor-element-populated\">\n\t\t\t\t\t\t<div class=\"elementor-element elementor-element-5adb6e8 elementor-button-align-start elementor-widget elementor-widget-form\" data-id=\"5adb6e8\" data-element_type=\"widget\" data-e-type=\"widget\" data-settings=\"{&quot;step_next_label&quot;:&quot;Next&quot;,&quot;step_previous_label&quot;:&quot;Previous&quot;,&quot;button_width&quot;:&quot;100&quot;,&quot;step_type&quot;:&quot;number_text&quot;,&quot;step_icon_shape&quot;:&quot;circle&quot;}\" data-widget_type=\"form.default\">\n\t\t\t\t<div class=\"elementor-widget-container\">\n\t\t\t\t\t\t\t<form class=\"elementor-form\" method=\"post\" name=\"J\u00e1 sou sal\u00e3o Mirra\" aria-label=\"J\u00e1 sou sal\u00e3o Mirra\">\n\t\t\t<input type=\"hidden\" name=\"post_id\" value=\"1987\"\/>\n\t\t\t<input type=\"hidden\" name=\"form_id\" value=\"5adb6e8\"\/>\n\t\t\t<input type=\"hidden\" name=\"referer_title\" value=\"Mirra Professional\" \/>\n\n\t\t\t\n\t\t\t<div class=\"elementor-form-fields-wrapper elementor-labels-\">\n\t\t\t\t\t\t\t\t<div class=\"elementor-field-type-text elementor-field-group elementor-column elementor-field-group-name elementor-col-100 elementor-field-required\">\n\t\t\t\t\t\t\t\t\t\t\t\t<label for=\"form-field-name\" class=\"elementor-field-label elementor-screen-only\">\n\t\t\t\t\t\t\t\tNome Fantasia\t\t\t\t\t\t\t<\/label>\n\t\t\t\t\t\t\t\t\t\t\t\t\t\t<input size=\"1\" type=\"text\" name=\"form_fields[name]\" id=\"form-field-name\" class=\"elementor-field elementor-size-sm  elementor-field-textual\" placeholder=\"Nome Fantasia*\" required=\"required\">\n\t\t\t\t\t\t\t\t\t\t\t<\/div>\n\t\t\t\t\t\t\t\t<div class=\"elementor-field-type-text elementor-field-group elementor-column elementor-field-group-field_0ab6128 elementor-col-100 elementor-field-required\">\n\t\t\t\t\t\t\t\t\t\t\t\t<label for=\"form-field-field_0ab6128\" class=\"elementor-field-label elementor-screen-only\">\n\t\t\t\t\t\t\t\tRespons\u00e1vel\t\t\t\t\t\t\t<\/label>\n\t\t\t\t\t\t\t\t\t\t\t\t\t\t<input size=\"1\" type=\"text\" name=\"form_fields[field_0ab6128]\" id=\"form-field-field_0ab6128\" class=\"elementor-field elementor-size-sm  elementor-field-textual\" placeholder=\"Respons\u00e1vel*\" required=\"required\">\n\t\t\t\t\t\t\t\t\t\t\t<\/div>\n\t\t\t\t\t\t\t\t<div class=\"elementor-field-type-text elementor-field-group elementor-column elementor-field-group-cep elementor-col-100 elementor-field-required\">\n\t\t\t\t\t\t\t\t\t\t\t\t<label for=\"form-field-cep\" class=\"elementor-field-label elementor-screen-only\">\n\t\t\t\t\t\t\t\tCEP\t\t\t\t\t\t\t<\/label>\n\t\t\t\t\t\t\t\t\t\t\t\t\t\t<input size=\"1\" type=\"text\" name=\"form_fields[cep]\" id=\"form-field-cep\" class=\"elementor-field elementor-size-sm  fme-mask-input mask_control_@ev-br_fr money_mask_format_@ mask_prefix_@ mask_decimal_places_@ mask_time_mask_format_@ fme_phone_format_@ credit_card_options_@ mask_auto_placeholder_@ fme_brazilian_formats_@fme_cep elementor-field-textual\" placeholder=\"CEP*\" required=\"required\" data-mask=\"ev-br_fr\">\n\t\t\t\t\t\t\t\t\t\t\t<\/div>\n\t\t\t\t\t\t\t\t<div class=\"elementor-field-type-text elementor-field-group elementor-column elementor-field-group-rua elementor-col-100 elementor-sm-75 elementor-field-required\">\n\t\t\t\t\t\t\t\t\t\t\t\t<label for=\"form-field-rua\" class=\"elementor-field-label elementor-screen-only\">\n\t\t\t\t\t\t\t\tRua\t\t\t\t\t\t\t<\/label>\n\t\t\t\t\t\t\t\t\t\t\t\t\t\t<input size=\"1\" type=\"text\" name=\"form_fields[rua]\" id=\"form-field-rua\" class=\"elementor-field elementor-size-sm  elementor-field-textual\" placeholder=\"Rua*\" required=\"required\">\n\t\t\t\t\t\t\t\t\t\t\t<\/div>\n\t\t\t\t\t\t\t\t<div class=\"elementor-field-type-text elementor-field-group elementor-column elementor-field-group-numero elementor-col-100 elementor-sm-25 elementor-field-required\">\n\t\t\t\t\t\t\t\t\t\t\t\t<label for=\"form-field-numero\" class=\"elementor-field-label elementor-screen-only\">\n\t\t\t\t\t\t\t\tN\u00famero\t\t\t\t\t\t\t<\/label>\n\t\t\t\t\t\t\t\t\t\t\t\t\t\t<input size=\"1\" type=\"text\" name=\"form_fields[numero]\" id=\"form-field-numero\" class=\"elementor-field elementor-size-sm  elementor-field-textual\" placeholder=\"N\u00famero*\" required=\"required\">\n\t\t\t\t\t\t\t\t\t\t\t<\/div>\n\t\t\t\t\t\t\t\t<div class=\"elementor-field-type-text elementor-field-group elementor-column elementor-field-group-bairro elementor-col-100 elementor-sm-40 elementor-field-required\">\n\t\t\t\t\t\t\t\t\t\t\t\t<label for=\"form-field-bairro\" class=\"elementor-field-label elementor-screen-only\">\n\t\t\t\t\t\t\t\tBairro\t\t\t\t\t\t\t<\/label>\n\t\t\t\t\t\t\t\t\t\t\t\t\t\t<input size=\"1\" type=\"text\" name=\"form_fields[bairro]\" id=\"form-field-bairro\" class=\"elementor-field elementor-size-sm  elementor-field-textual\" placeholder=\"Bairro*\" required=\"required\">\n\t\t\t\t\t\t\t\t\t\t\t<\/div>\n\t\t\t\t\t\t\t\t<div class=\"elementor-field-type-text elementor-field-group elementor-column elementor-field-group-cidade elementor-col-100 elementor-sm-40 elementor-field-required\">\n\t\t\t\t\t\t\t\t\t\t\t\t<label for=\"form-field-cidade\" class=\"elementor-field-label elementor-screen-only\">\n\t\t\t\t\t\t\t\tCidade\t\t\t\t\t\t\t<\/label>\n\t\t\t\t\t\t\t\t\t\t\t\t\t\t<input size=\"1\" type=\"text\" name=\"form_fields[cidade]\" id=\"form-field-cidade\" class=\"elementor-field elementor-size-sm  elementor-field-textual\" placeholder=\"Cidade*\" required=\"required\">\n\t\t\t\t\t\t\t\t\t\t\t<\/div>\n\t\t\t\t\t\t\t\t<div class=\"elementor-field-type-select elementor-field-group elementor-column elementor-field-group-uf elementor-col-100 elementor-sm-20 elementor-field-required\">\n\t\t\t\t\t\t\t\t\t\t\t\t<label for=\"form-field-uf\" class=\"elementor-field-label elementor-screen-only\">\n\t\t\t\t\t\t\t\tEstado\t\t\t\t\t\t\t<\/label>\n\t\t\t\t\t\t\t\t<div class=\"elementor-field elementor-select-wrapper remove-before \">\n\t\t\t<div class=\"select-caret-down-wrapper\">\n\t\t\t\t<svg aria-hidden=\"true\" class=\"e-font-icon-svg e-eicon-caret-down\" viewBox=\"0 0 571.4 571.4\" xmlns=\"http:\/\/www.w3.org\/2000\/svg\"><path d=\"M571 393Q571 407 561 418L311 668Q300 679 286 679T261 668L11 418Q0 407 0 393T11 368 36 357H536Q550 357 561 368T571 393Z\"><\/path><\/svg>\t\t\t<\/div>\n\t\t\t<select name=\"form_fields[uf]\" id=\"form-field-uf\" class=\"elementor-field-textual elementor-size-sm\" required=\"required\">\n\t\t\t\t\t\t\t\t\t<option value=\"Estado*\">Estado*<\/option>\n\t\t\t\t\t\t\t\t\t<option value=\"AC\">AC<\/option>\n\t\t\t\t\t\t\t\t\t<option value=\"AL\">AL<\/option>\n\t\t\t\t\t\t\t\t\t<option value=\"AP\">AP<\/option>\n\t\t\t\t\t\t\t\t\t<option value=\"AM\">AM<\/option>\n\t\t\t\t\t\t\t\t\t<option value=\"BA\">BA<\/option>\n\t\t\t\t\t\t\t\t\t<option value=\"CE\">CE<\/option>\n\t\t\t\t\t\t\t\t\t<option value=\"DF\">DF<\/option>\n\t\t\t\t\t\t\t\t\t<option value=\"ES\">ES<\/option>\n\t\t\t\t\t\t\t\t\t<option value=\"GO\">GO<\/option>\n\t\t\t\t\t\t\t\t\t<option value=\"MA\">MA<\/option>\n\t\t\t\t\t\t\t\t\t<option value=\"MT\">MT<\/option>\n\t\t\t\t\t\t\t\t\t<option value=\"MS\">MS<\/option>\n\t\t\t\t\t\t\t\t\t<option value=\"MG\">MG<\/option>\n\t\t\t\t\t\t\t\t\t<option value=\"PA\">PA<\/option>\n\t\t\t\t\t\t\t\t\t<option value=\"PB\">PB<\/option>\n\t\t\t\t\t\t\t\t\t<option value=\"PR\">PR<\/option>\n\t\t\t\t\t\t\t\t\t<option value=\"PE\">PE<\/option>\n\t\t\t\t\t\t\t\t\t<option value=\"PI\">PI<\/option>\n\t\t\t\t\t\t\t\t\t<option value=\"RJ\">RJ<\/option>\n\t\t\t\t\t\t\t\t\t<option value=\"RN\">RN<\/option>\n\t\t\t\t\t\t\t\t\t<option value=\"RS\">RS<\/option>\n\t\t\t\t\t\t\t\t\t<option value=\"RO\">RO<\/option>\n\t\t\t\t\t\t\t\t\t<option value=\"RR\">RR<\/option>\n\t\t\t\t\t\t\t\t\t<option value=\"SC\">SC<\/option>\n\t\t\t\t\t\t\t\t\t<option value=\"SP\">SP<\/option>\n\t\t\t\t\t\t\t\t\t<option value=\"SE\">SE<\/option>\n\t\t\t\t\t\t\t\t\t<option value=\"TO\">TO<\/option>\n\t\t\t\t\t\t\t<\/select>\n\t\t<\/div>\n\t\t\t\t\t\t<\/div>\n\t\t\t\t\t\t\t\t<div class=\"elementor-field-type-text elementor-field-group elementor-column elementor-field-group-telefone_comercial elementor-col-100 elementor-field-required\">\n\t\t\t\t\t\t\t\t\t\t\t\t<label for=\"form-field-telefone_comercial\" class=\"elementor-field-label elementor-screen-only\">\n\t\t\t\t\t\t\t\tTelefone Comercial com DDD\t\t\t\t\t\t\t<\/label>\n\t\t\t\t\t\t\t\t\t\t\t\t\t\t<input size=\"1\" type=\"text\" name=\"form_fields[telefone_comercial]\" id=\"form-field-telefone_comercial\" class=\"elementor-field elementor-size-sm  fme-mask-input mask_control_@ev-phone money_mask_format_@ mask_prefix_@ mask_decimal_places_@ mask_time_mask_format_@ fme_phone_format_@phone_ddd9 credit_card_options_@ mask_auto_placeholder_@ fme_brazilian_formats_@ elementor-field-textual\" placeholder=\"Telefone Comercial com DDD*\" required=\"required\" data-mask=\"ev-phone\">\n\t\t\t\t\t\t\t\t\t\t\t<\/div>\n\t\t\t\t\t\t\t\t<div class=\"elementor-field-type-text elementor-field-group elementor-column elementor-field-group-telefone_pessoal elementor-col-100 elementor-field-required\">\n\t\t\t\t\t\t\t\t\t\t\t\t<label for=\"form-field-telefone_pessoal\" class=\"elementor-field-label elementor-screen-only\">\n\t\t\t\t\t\t\t\tTelefone Pessoal com DDD\t\t\t\t\t\t\t<\/label>\n\t\t\t\t\t\t\t\t\t\t\t\t\t\t<input size=\"1\" type=\"text\" name=\"form_fields[telefone_pessoal]\" id=\"form-field-telefone_pessoal\" class=\"elementor-field elementor-size-sm  fme-mask-input mask_control_@ev-phone money_mask_format_@ mask_prefix_@ mask_decimal_places_@ mask_time_mask_format_@ fme_phone_format_@phone_ddd9 credit_card_options_@ mask_auto_placeholder_@ fme_brazilian_formats_@ elementor-field-textual\" placeholder=\"Telefone Pessoal com DDD*\" required=\"required\" data-mask=\"ev-phone\">\n\t\t\t\t\t\t\t\t\t\t\t<\/div>\n\t\t\t\t\t\t\t\t<div class=\"elementor-field-type-email elementor-field-group elementor-column elementor-field-group-email elementor-col-100 elementor-field-required\">\n\t\t\t\t\t\t\t\t\t\t\t\t<label for=\"form-field-email\" class=\"elementor-field-label elementor-screen-only\">\n\t\t\t\t\t\t\t\tE-mail\t\t\t\t\t\t\t<\/label>\n\t\t\t\t\t\t\t\t\t\t\t\t\t\t<input size=\"1\" type=\"email\" name=\"form_fields[email]\" id=\"form-field-email\" class=\"elementor-field elementor-size-sm  elementor-field-textual\" placeholder=\"E-mail*\" required=\"required\">\n\t\t\t\t\t\t\t\t\t\t\t<\/div>\n\t\t\t\t\t\t\t\t<div class=\"elementor-field-type-text elementor-field-group elementor-column elementor-field-group-field_3ec34af elementor-col-100 elementor-field-required\">\n\t\t\t\t\t\t\t\t\t\t\t\t<label for=\"form-field-field_3ec34af\" class=\"elementor-field-label elementor-screen-only\">\n\t\t\t\t\t\t\t\tRepresentante Mirra\t\t\t\t\t\t\t<\/label>\n\t\t\t\t\t\t\t\t\t\t\t\t\t\t<input size=\"1\" type=\"text\" name=\"form_fields[field_3ec34af]\" id=\"form-field-field_3ec34af\" class=\"elementor-field elementor-size-sm  elementor-field-textual\" placeholder=\"Representante Mirra\" required=\"required\">\n\t\t\t\t\t\t\t\t\t\t\t<\/div>\n\t\t\t\t\t\t\t\t<div class=\"elementor-field-group elementor-column elementor-field-type-submit elementor-col-100 e-form__buttons\">\n\t\t\t\t\t<button class=\"elementor-button elementor-size-sm\" type=\"submit\">\n\t\t\t\t\t\t<span class=\"elementor-button-content-wrapper\">\n\t\t\t\t\t\t\t\t\t\t\t\t\t\t\t\t\t\t\t\t\t\t<span class=\"elementor-button-text\">Enviar<\/span>\n\t\t\t\t\t\t\t\t\t\t\t\t\t<\/span>\n\t\t\t\t\t<\/button>\n\t\t\t\t<\/div>\n\t\t\t<\/div>\n\t\t<\/form>\n\t\t\t\t\t\t<\/div>\n\t\t\t\t<\/div>\n\t\t\t\t\t<\/div>\n\t\t<\/div>\n\t\t\t\t\t<\/div>\n\t\t<\/section>\n\t\t\t\t<\/div>\n\t\t","protected":false},"excerpt":{"rendered":"<p>J\u00e1 sou sal\u00e3o Mirra Ao preencher suas informa\u00e7\u00f5es, o seu sal\u00e3o de beleza poder\u00e1 ser indicado para clientes que buscam produtos de qualidade em sua regi\u00e3o, oferecendo a oportunidade de ser encontrado por milhares de consumidores que procuram os produtos da marca. N\u00e3o perca essa chance de expandir seus neg\u00f3cios e alcan\u00e7ar mais clientes em [&hellip;]<\/p>\n","protected":false},"author":1,"featured_media":0,"parent":0,"menu_order":0,"comment_status":"closed","ping_status":"closed","template":"","meta":{"inline_featured_image":false,"footnotes":""},"class_list":["post-1987","page","type-page","status-publish","hentry"],"yoast_head":"<!-- This site is optimized with the Yoast SEO Premium plugin v24.2 (Yoast SEO v24.2) - https:\/\/yoast.com\/wordpress\/plugins\/seo\/ -->\n<title>J\u00e1 sou sal\u00e3o mirra - Mirra Professional<\/title>\n<meta name=\"robots\" content=\"index, follow, max-snippet:-1, max-image-preview:large, max-video-preview:-1\" \/>\n<link rel=\"canonical\" href=\"https:\/\/mirracosmeticos.com\/en\/ja-sou-salao-mirra\/\" \/>\n<meta property=\"og:locale\" content=\"en_US\" \/>\n<meta property=\"og:type\" content=\"article\" \/>\n<meta property=\"og:title\" content=\"J\u00e1 sou sal\u00e3o mirra\" \/>\n<meta property=\"og:description\" content=\"J\u00e1 sou sal\u00e3o Mirra Ao preencher suas informa\u00e7\u00f5es, o seu sal\u00e3o de beleza poder\u00e1 ser indicado para clientes que buscam produtos de qualidade em sua regi\u00e3o, oferecendo a oportunidade de ser encontrado por milhares de consumidores que procuram os produtos da marca. N\u00e3o perca essa chance de expandir seus neg\u00f3cios e alcan\u00e7ar mais clientes em [&hellip;]\" \/>\n<meta property=\"og:url\" content=\"https:\/\/mirracosmeticos.com\/en\/ja-sou-salao-mirra\/\" \/>\n<meta property=\"og:site_name\" content=\"Mirra Professional\" \/>\n<meta property=\"article:modified_time\" content=\"2025-07-24T15:01:37+00:00\" \/>\n<meta property=\"og:image\" content=\"https:\/\/mirracosmeticos.com\/wp-content\/uploads\/2025\/03\/salao.jpg\" \/>\n\t<meta property=\"og:image:width\" content=\"683\" \/>\n\t<meta property=\"og:image:height\" content=\"540\" \/>\n\t<meta property=\"og:image:type\" content=\"image\/jpeg\" \/>\n<meta name=\"twitter:card\" content=\"summary_large_image\" \/>\n<meta name=\"twitter:label1\" content=\"Est. reading time\" \/>\n\t<meta name=\"twitter:data1\" content=\"1 minute\" \/>\n<script type=\"application\/ld+json\" class=\"yoast-schema-graph\">{\"@context\":\"https:\/\/schema.org\",\"@graph\":[{\"@type\":\"WebPage\",\"@id\":\"https:\/\/mirracosmeticos.com\/ja-sou-salao-mirra\/\",\"url\":\"https:\/\/mirracosmeticos.com\/ja-sou-salao-mirra\/\",\"name\":\"J\u00e1 sou sal\u00e3o mirra - Mirra Professional\",\"isPartOf\":{\"@id\":\"https:\/\/mirracosmeticos.com\/#website\"},\"primaryImageOfPage\":{\"@id\":\"https:\/\/mirracosmeticos.com\/ja-sou-salao-mirra\/#primaryimage\"},\"image\":{\"@id\":\"https:\/\/mirracosmeticos.com\/ja-sou-salao-mirra\/#primaryimage\"},\"thumbnailUrl\":\"https:\/\/mirracosmeticos.com\/wp-content\/uploads\/2025\/03\/salao.jpg\",\"datePublished\":\"2025-03-16T16:22:50+00:00\",\"dateModified\":\"2025-07-24T15:01:37+00:00\",\"breadcrumb\":{\"@id\":\"https:\/\/mirracosmeticos.com\/ja-sou-salao-mirra\/#breadcrumb\"},\"inLanguage\":\"en-US\",\"potentialAction\":[{\"@type\":\"ReadAction\",\"target\":[\"https:\/\/mirracosmeticos.com\/ja-sou-salao-mirra\/\"]}]},{\"@type\":\"ImageObject\",\"inLanguage\":\"en-US\",\"@id\":\"https:\/\/mirracosmeticos.com\/ja-sou-salao-mirra\/#primaryimage\",\"url\":\"https:\/\/mirracosmeticos.com\/wp-content\/uploads\/2025\/03\/salao.jpg\",\"contentUrl\":\"https:\/\/mirracosmeticos.com\/wp-content\/uploads\/2025\/03\/salao.jpg\"},{\"@type\":\"BreadcrumbList\",\"@id\":\"https:\/\/mirracosmeticos.com\/ja-sou-salao-mirra\/#breadcrumb\",\"itemListElement\":[{\"@type\":\"ListItem\",\"position\":1,\"name\":\"In\u00edcio\",\"item\":\"https:\/\/mirracosmeticos.com\/\"},{\"@type\":\"ListItem\",\"position\":2,\"name\":\"J\u00e1 sou sal\u00e3o mirra\"}]},{\"@type\":\"WebSite\",\"@id\":\"https:\/\/mirracosmeticos.com\/#website\",\"url\":\"https:\/\/mirracosmeticos.com\/\",\"name\":\"Mirra Professional\",\"description\":\"\",\"potentialAction\":[{\"@type\":\"SearchAction\",\"target\":{\"@type\":\"EntryPoint\",\"urlTemplate\":\"https:\/\/mirracosmeticos.com\/?s={search_term_string}\"},\"query-input\":{\"@type\":\"PropertyValueSpecification\",\"valueRequired\":true,\"valueName\":\"search_term_string\"}}],\"inLanguage\":\"en-US\"}]}<\/script>\n<!-- \/ Yoast SEO Premium plugin. -->","yoast_head_json":{"title":"J\u00e1 sou sal\u00e3o mirra - Mirra Professional","robots":{"index":"index","follow":"follow","max-snippet":"max-snippet:-1","max-image-preview":"max-image-preview:large","max-video-preview":"max-video-preview:-1"},"canonical":"https:\/\/mirracosmeticos.com\/en\/ja-sou-salao-mirra\/","og_locale":"en_US","og_type":"article","og_title":"J\u00e1 sou sal\u00e3o mirra","og_description":"J\u00e1 sou sal\u00e3o Mirra Ao preencher suas informa\u00e7\u00f5es, o seu sal\u00e3o de beleza poder\u00e1 ser indicado para clientes que buscam produtos de qualidade em sua regi\u00e3o, oferecendo a oportunidade de ser encontrado por milhares de consumidores que procuram os produtos da marca. N\u00e3o perca essa chance de expandir seus neg\u00f3cios e alcan\u00e7ar mais clientes em [&hellip;]","og_url":"https:\/\/mirracosmeticos.com\/en\/ja-sou-salao-mirra\/","og_site_name":"Mirra Professional","article_modified_time":"2025-07-24T15:01:37+00:00","og_image":[{"width":683,"height":540,"url":"https:\/\/mirracosmeticos.com\/wp-content\/uploads\/2025\/03\/salao.jpg","type":"image\/jpeg"}],"twitter_card":"summary_large_image","twitter_misc":{"Est. reading time":"1 minute"},"schema":{"@context":"https:\/\/schema.org","@graph":[{"@type":"WebPage","@id":"https:\/\/mirracosmeticos.com\/ja-sou-salao-mirra\/","url":"https:\/\/mirracosmeticos.com\/ja-sou-salao-mirra\/","name":"J\u00e1 sou sal\u00e3o mirra - Mirra Professional","isPartOf":{"@id":"https:\/\/mirracosmeticos.com\/#website"},"primaryImageOfPage":{"@id":"https:\/\/mirracosmeticos.com\/ja-sou-salao-mirra\/#primaryimage"},"image":{"@id":"https:\/\/mirracosmeticos.com\/ja-sou-salao-mirra\/#primaryimage"},"thumbnailUrl":"https:\/\/mirracosmeticos.com\/wp-content\/uploads\/2025\/03\/salao.jpg","datePublished":"2025-03-16T16:22:50+00:00","dateModified":"2025-07-24T15:01:37+00:00","breadcrumb":{"@id":"https:\/\/mirracosmeticos.com\/ja-sou-salao-mirra\/#breadcrumb"},"inLanguage":"en-US","potentialAction":[{"@type":"ReadAction","target":["https:\/\/mirracosmeticos.com\/ja-sou-salao-mirra\/"]}]},{"@type":"ImageObject","inLanguage":"en-US","@id":"https:\/\/mirracosmeticos.com\/ja-sou-salao-mirra\/#primaryimage","url":"https:\/\/mirracosmeticos.com\/wp-content\/uploads\/2025\/03\/salao.jpg","contentUrl":"https:\/\/mirracosmeticos.com\/wp-content\/uploads\/2025\/03\/salao.jpg"},{"@type":"BreadcrumbList","@id":"https:\/\/mirracosmeticos.com\/ja-sou-salao-mirra\/#breadcrumb","itemListElement":[{"@type":"ListItem","position":1,"name":"In\u00edcio","item":"https:\/\/mirracosmeticos.com\/"},{"@type":"ListItem","position":2,"name":"J\u00e1 sou sal\u00e3o mirra"}]},{"@type":"WebSite","@id":"https:\/\/mirracosmeticos.com\/#website","url":"https:\/\/mirracosmeticos.com\/","name":"Mirra Professional","description":"","potentialAction":[{"@type":"SearchAction","target":{"@type":"EntryPoint","urlTemplate":"https:\/\/mirracosmeticos.com\/?s={search_term_string}"},"query-input":{"@type":"PropertyValueSpecification","valueRequired":true,"valueName":"search_term_string"}}],"inLanguage":"en-US"}]}},"_links":{"self":[{"href":"https:\/\/mirracosmeticos.com\/en\/wp-json\/wp\/v2\/pages\/1987","targetHints":{"allow":["GET"]}}],"collection":[{"href":"https:\/\/mirracosmeticos.com\/en\/wp-json\/wp\/v2\/pages"}],"about":[{"href":"https:\/\/mirracosmeticos.com\/en\/wp-json\/wp\/v2\/types\/page"}],"author":[{"embeddable":true,"href":"https:\/\/mirracosmeticos.com\/en\/wp-json\/wp\/v2\/users\/1"}],"replies":[{"embeddable":true,"href":"https:\/\/mirracosmeticos.com\/en\/wp-json\/wp\/v2\/comments?post=1987"}],"version-history":[{"count":6,"href":"https:\/\/mirracosmeticos.com\/en\/wp-json\/wp\/v2\/pages\/1987\/revisions"}],"predecessor-version":[{"id":3098,"href":"https:\/\/mirracosmeticos.com\/en\/wp-json\/wp\/v2\/pages\/1987\/revisions\/3098"}],"wp:attachment":[{"href":"https:\/\/mirracosmeticos.com\/en\/wp-json\/wp\/v2\/media?parent=1987"}],"curies":[{"name":"wp","href":"https:\/\/api.w.org\/{rel}","templated":true}]}}