{"id":2489,"date":"2025-03-18T19:10:10","date_gmt":"2025-03-18T19:10:10","guid":{"rendered":"https:\/\/mirracosmeticos.com\/?page_id=2489"},"modified":"2025-03-18T22:08:31","modified_gmt":"2025-03-18T22:08:31","slug":"blog","status":"publish","type":"page","link":"https:\/\/mirracosmeticos.com\/en\/blog\/","title":{"rendered":"Blog"},"content":{"rendered":"\t\t<div data-elementor-type=\"wp-page\" data-elementor-id=\"2489\" class=\"elementor elementor-2489\" data-elementor-settings=\"{&quot;ha_cmc_init_switcher&quot;:&quot;no&quot;}\" data-elementor-post-type=\"page\">\n\t\t\t\t<div class=\"elementor-element elementor-element-69ff3bc e-flex e-con-boxed e-con e-parent\" data-id=\"69ff3bc\" data-element_type=\"container\" data-e-type=\"container\" data-settings=\"{&quot;background_background&quot;:&quot;classic&quot;,&quot;jet_parallax_layout_list&quot;:[],&quot;_ha_eqh_enable&quot;:false}\">\n\t\t\t\t\t<div class=\"e-con-inner\">\n\t\t<div class=\"elementor-element elementor-element-9b88e44 e-con-full e-flex e-con e-child\" data-id=\"9b88e44\" data-element_type=\"container\" data-e-type=\"container\" data-settings=\"{&quot;jet_parallax_layout_list&quot;:[],&quot;_ha_eqh_enable&quot;:false}\">\n\t\t\t\t<\/div>\n\t\t<div class=\"elementor-element elementor-element-5952235 e-con-full e-flex e-con e-child\" data-id=\"5952235\" data-element_type=\"container\" data-e-type=\"container\" data-settings=\"{&quot;jet_parallax_layout_list&quot;:[],&quot;_ha_eqh_enable&quot;:false}\">\n\t\t\t\t<div class=\"elementor-element elementor-element-7579d63 elementor-widget elementor-widget-heading\" data-id=\"7579d63\" data-element_type=\"widget\" data-e-type=\"widget\" data-widget_type=\"heading.default\">\n\t\t\t\t<div class=\"elementor-widget-container\">\n\t\t\t\t\t<h2 class=\"elementor-heading-title elementor-size-default\">Nosso Blog<\/h2>\t\t\t\t<\/div>\n\t\t\t\t<\/div>\n\t\t\t\t<\/div>\n\t\t\t\t\t<\/div>\n\t\t\t\t<\/div>\n\t\t<div class=\"elementor-element elementor-element-a6e2da3 e-flex e-con-boxed e-con e-parent\" data-id=\"a6e2da3\" data-element_type=\"container\" data-e-type=\"container\" data-settings=\"{&quot;jet_parallax_layout_list&quot;:[],&quot;_ha_eqh_enable&quot;:false}\">\n\t\t\t\t\t<div class=\"e-con-inner\">\n\t\t\t\t<div class=\"elementor-element elementor-element-0ef56c1 elementor-grid-4 elementor-grid-mobile-2 elementor-grid-tablet-2 elementor-widget elementor-widget-loop-grid\" data-id=\"0ef56c1\" data-element_type=\"widget\" data-e-type=\"widget\" data-settings=\"{&quot;template_id&quot;:&quot;2435&quot;,&quot;row_gap&quot;:{&quot;unit&quot;:&quot;px&quot;,&quot;size&quot;:52,&quot;sizes&quot;:[]},&quot;columns&quot;:4,&quot;columns_mobile&quot;:2,&quot;pagination_type&quot;:&quot;load_more_infinite_scroll&quot;,&quot;row_gap_mobile&quot;:{&quot;unit&quot;:&quot;px&quot;,&quot;size&quot;:21,&quot;sizes&quot;:[]},&quot;_skin&quot;:&quot;post&quot;,&quot;columns_tablet&quot;:&quot;2&quot;,&quot;edit_handle_selector&quot;:&quot;[data-elementor-type=\\&quot;loop-item\\&quot;]&quot;,&quot;load_more_spinner&quot;:{&quot;value&quot;:&quot;fas fa-spinner&quot;,&quot;library&quot;:&quot;fa-solid&quot;},&quot;row_gap_tablet&quot;:{&quot;unit&quot;:&quot;px&quot;,&quot;size&quot;:&quot;&quot;,&quot;sizes&quot;:[]}}\" data-widget_type=\"loop-grid.post\">\n\t\t\t\t<div class=\"elementor-widget-container\">\n\t\t\t\t\t\t\t<div class=\"elementor-loop-container elementor-grid\" role=\"list\">\n\t\t<style id=\"loop-2435\">.elementor-2435 .elementor-element.elementor-element-c77c51e{--display:flex;--flex-direction:column;--container-widget-width:100%;--container-widget-height:initial;--container-widget-flex-grow:0;--container-widget-align-self:initial;--flex-wrap-mobile:wrap;--justify-content:space-between;--gap:6px 6px;--row-gap:6px;--column-gap:6px;}.elementor-widget-image .widget-image-caption{color:var( --e-global-color-text );font-family:var( --e-global-typography-text-font-family ), Sans-serif;font-weight:var( --e-global-typography-text-font-weight );}.elementor-widget-theme-post-title .elementor-heading-title{font-family:var( --e-global-typography-primary-font-family ), Sans-serif;font-weight:var( --e-global-typography-primary-font-weight );color:var( --e-global-color-primary );}.elementor-2435 .elementor-element.elementor-element-ad643f9 .elementor-heading-title{font-family:\"Open Sans Hebrew Condensed\", Sans-serif;font-size:17px;font-weight:600;line-height:25px;color:var( --e-global-color-e27451b );}.elementor-widget-theme-post-excerpt .elementor-widget-container{font-family:var( --e-global-typography-text-font-family ), Sans-serif;font-weight:var( --e-global-typography-text-font-weight );color:var( --e-global-color-text );}.elementor-2435 .elementor-element.elementor-element-9a06659 .elementor-widget-container{font-family:\"Rubik\", Sans-serif;font-size:13px;font-weight:400;}.elementor-2435 .elementor-element.elementor-element-9a06659 > .elementor-widget-container{margin:0px 0px -13px 0px;}.elementor-widget-button .elementor-button{font-family:var( --e-global-typography-accent-font-family ), Sans-serif;font-weight:var( --e-global-typography-accent-font-weight );background-color:var( --e-global-color-accent );}.elementor-2435 .elementor-element.elementor-element-04e8bbe .elementor-button{font-family:\"Roboto\", Sans-serif;font-weight:500;background-color:var( --e-global-color-e27451b );border-radius:0px 0px 0px 0px;}.elementor-2435 .elementor-element.elementor-element-04e8bbe > .elementor-widget-container{margin:8px 0px 0px 0px;}@media(max-width:1024px){.elementor-2435 .elementor-element.elementor-element-ad643f9 .elementor-heading-title{font-size:13px;line-height:15px;}.elementor-2435 .elementor-element.elementor-element-9a06659 .elementor-widget-container{font-size:12px;}.elementor-2435 .elementor-element.elementor-element-04e8bbe .elementor-button{font-size:12px;padding:8px 0px 7px 0px;}}@media(max-width:767px){.elementor-2435 .elementor-element.elementor-element-c77c51e{--gap:4px 4px;--row-gap:4px;--column-gap:4px;}.elementor-2435 .elementor-element.elementor-element-ad643f9 .elementor-heading-title{font-size:14px;line-height:16px;}.elementor-2435 .elementor-element.elementor-element-9a06659 .elementor-widget-container{font-size:10px;line-height:11px;}.elementor-2435 .elementor-element.elementor-element-04e8bbe .elementor-button{font-size:12px;padding:5px 5px 5px 5px;}.elementor-2435 .elementor-element.elementor-element-04e8bbe > .elementor-widget-container{margin:5px 0px 0px 0px;}}<\/style>\t\t<div data-elementor-type=\"loop-item\" data-elementor-id=\"2435\" class=\"elementor elementor-2435 e-loop-item e-loop-item-2499 post-2499 post type-post status-publish format-standard has-post-thumbnail hentry category-blog\" data-elementor-settings=\"{&quot;ha_cmc_init_switcher&quot;:&quot;no&quot;}\" data-elementor-post-type=\"elementor_library\" data-custom-edit-handle=\"1\">\n\t\t\t<div class=\"elementor-element elementor-element-c77c51e e-flex e-con-boxed e-con e-parent\" data-id=\"c77c51e\" data-element_type=\"container\" data-e-type=\"container\" data-settings=\"{&quot;jet_parallax_layout_list&quot;:[],&quot;_ha_eqh_enable&quot;:false}\">\n\t\t\t\t\t<div class=\"e-con-inner\">\n\t\t\t\t<div class=\"elementor-element elementor-element-2138e8a elementor-widget elementor-widget-image\" data-id=\"2138e8a\" data-element_type=\"widget\" data-e-type=\"widget\" data-widget_type=\"image.default\">\n\t\t\t\t<div class=\"elementor-widget-container\">\n\t\t\t\t\t\t\t\t\t\t\t\t\t\t\t\t<a href=\"https:\/\/mirracosmeticos.com\/en\/uniq-pro-12-da-mirra-professional-o-tratamento-capilar-revolucionario-que-transforma-seus-fios\/\">\n\t\t\t\t\t\t\t<img decoding=\"async\" src=\"https:\/\/mirracosmeticos.com\/wp-content\/uploads\/elementor\/thumbs\/uniq-r325iwk8kiqixx5u4h93pc48acc860odgcl0e0fycg.webp\" title=\"uniq\" alt=\"uniq\" loading=\"lazy\" \/>\t\t\t\t\t\t\t\t<\/a>\n\t\t\t\t\t\t\t\t\t\t\t\t\t\t\t<\/div>\n\t\t\t\t<\/div>\n\t\t\t\t<div class=\"elementor-element elementor-element-ad643f9 elementor-widget elementor-widget-theme-post-title elementor-page-title elementor-widget-heading\" data-id=\"ad643f9\" data-element_type=\"widget\" data-e-type=\"widget\" data-widget_type=\"theme-post-title.default\">\n\t\t\t\t<div class=\"elementor-widget-container\">\n\t\t\t\t\t<h1 class=\"elementor-heading-title elementor-size-default\"><a href=\"https:\/\/mirracosmeticos.com\/en\/uniq-pro-12-da-mirra-professional-o-tratamento-capilar-revolucionario-que-transforma-seus-fios\/\">Uniq Pro 12 Mirra: Tratamento Capilar Revolucion\u00e1rio para Fios Perfeitos<\/a><\/h1>\t\t\t\t<\/div>\n\t\t\t\t<\/div>\n\t\t\t\t<div class=\"elementor-element elementor-element-9a06659 elementor-widget elementor-widget-theme-post-excerpt\" data-id=\"9a06659\" data-element_type=\"widget\" data-e-type=\"widget\" data-widget_type=\"theme-post-excerpt.default\">\n\t\t\t\t<div class=\"elementor-widget-container\">\n\t\t\t\t\t<p>Revele a verdadeira beleza dos seus cabelos com o poder transformador do Uniq Pro 12 da Mirra Professional! N\u00e3o aceite fios...\t\t\t\t<\/div>\n\t\t\t\t<\/div>\n\t\t\t\t<div class=\"elementor-element elementor-element-04e8bbe elementor-align-justify elementor-widget elementor-widget-button\" data-id=\"04e8bbe\" data-element_type=\"widget\" data-e-type=\"widget\" data-widget_type=\"button.default\">\n\t\t\t\t<div class=\"elementor-widget-container\">\n\t\t\t\t\t\t\t\t\t<div class=\"elementor-button-wrapper\">\n\t\t\t\t\t<a class=\"elementor-button elementor-button-link elementor-size-sm\" href=\"https:\/\/mirracosmeticos.com\/en\/uniq-pro-12-da-mirra-professional-o-tratamento-capilar-revolucionario-que-transforma-seus-fios\/\">\n\t\t\t\t\t\t<span class=\"elementor-button-content-wrapper\">\n\t\t\t\t\t\t\t\t\t<span class=\"elementor-button-text\">LER<\/span>\n\t\t\t\t\t<\/span>\n\t\t\t\t\t<\/a>\n\t\t\t\t<\/div>\n\t\t\t\t\t\t\t\t<\/div>\n\t\t\t\t<\/div>\n\t\t\t\t\t<\/div>\n\t\t\t\t<\/div>\n\t\t\t\t<\/div>\n\t\t\t\t<div data-elementor-type=\"loop-item\" data-elementor-id=\"2435\" class=\"elementor elementor-2435 e-loop-item e-loop-item-2454 post-2454 post type-post status-publish format-standard has-post-thumbnail hentry category-blog\" data-elementor-settings=\"{&quot;ha_cmc_init_switcher&quot;:&quot;no&quot;}\" data-elementor-post-type=\"elementor_library\" data-custom-edit-handle=\"1\">\n\t\t\t<div class=\"elementor-element elementor-element-c77c51e e-flex e-con-boxed e-con e-parent\" data-id=\"c77c51e\" data-element_type=\"container\" data-e-type=\"container\" data-settings=\"{&quot;jet_parallax_layout_list&quot;:[],&quot;_ha_eqh_enable&quot;:false}\">\n\t\t\t\t\t<div class=\"e-con-inner\">\n\t\t\t\t<div class=\"elementor-element elementor-element-2138e8a elementor-widget elementor-widget-image\" data-id=\"2138e8a\" data-element_type=\"widget\" data-e-type=\"widget\" data-widget_type=\"image.default\">\n\t\t\t\t<div class=\"elementor-widget-container\">\n\t\t\t\t\t\t\t\t\t\t\t\t\t\t\t\t<a href=\"https:\/\/mirracosmeticos.com\/en\/bio-restore-argan-cabelos-restaurados-nutridose-com-brilho-irresistivel\/\">\n\t\t\t\t\t\t\t<img decoding=\"async\" src=\"https:\/\/mirracosmeticos.com\/wp-content\/uploads\/elementor\/thumbs\/Captura-de-tela-de-2025-03-18-15-45-14-r31z5g6k8gmosqghzanp18lfw7al5xr8knhyycnp9c.jpeg\" title=\"Captura de tela de 2025-03-18 15-45-14\" alt=\"Captura de tela de 2025-03-18 15-45-14\" loading=\"lazy\" \/>\t\t\t\t\t\t\t\t<\/a>\n\t\t\t\t\t\t\t\t\t\t\t\t\t\t\t<\/div>\n\t\t\t\t<\/div>\n\t\t\t\t<div class=\"elementor-element elementor-element-ad643f9 elementor-widget elementor-widget-theme-post-title elementor-page-title elementor-widget-heading\" data-id=\"ad643f9\" data-element_type=\"widget\" data-e-type=\"widget\" data-widget_type=\"theme-post-title.default\">\n\t\t\t\t<div class=\"elementor-widget-container\">\n\t\t\t\t\t<h1 class=\"elementor-heading-title elementor-size-default\"><a href=\"https:\/\/mirracosmeticos.com\/en\/bio-restore-argan-cabelos-restaurados-nutridose-com-brilho-irresistivel\/\">Bio Restore Argan \u2013 Cabelos Restaurados, Nutridose com Brilho Irresist\u00edvel<\/a><\/h1>\t\t\t\t<\/div>\n\t\t\t\t<\/div>\n\t\t\t\t<div class=\"elementor-element elementor-element-9a06659 elementor-widget elementor-widget-theme-post-excerpt\" data-id=\"9a06659\" data-element_type=\"widget\" data-e-type=\"widget\" data-widget_type=\"theme-post-excerpt.default\">\n\t\t\t\t<div class=\"elementor-widget-container\">\n\t\t\t\t\t<p>Se seus cabelos est\u00e3o ressecados, sem brilho e com frizz, a linha Bio Restore Argan da Mirra \u00e9 a solu\u00e7\u00e3o perfeita...\t\t\t\t<\/div>\n\t\t\t\t<\/div>\n\t\t\t\t<div class=\"elementor-element elementor-element-04e8bbe elementor-align-justify elementor-widget elementor-widget-button\" data-id=\"04e8bbe\" data-element_type=\"widget\" data-e-type=\"widget\" data-widget_type=\"button.default\">\n\t\t\t\t<div class=\"elementor-widget-container\">\n\t\t\t\t\t\t\t\t\t<div class=\"elementor-button-wrapper\">\n\t\t\t\t\t<a class=\"elementor-button elementor-button-link elementor-size-sm\" href=\"https:\/\/mirracosmeticos.com\/en\/bio-restore-argan-cabelos-restaurados-nutridose-com-brilho-irresistivel\/\">\n\t\t\t\t\t\t<span class=\"elementor-button-content-wrapper\">\n\t\t\t\t\t\t\t\t\t<span class=\"elementor-button-text\">LER<\/span>\n\t\t\t\t\t<\/span>\n\t\t\t\t\t<\/a>\n\t\t\t\t<\/div>\n\t\t\t\t\t\t\t\t<\/div>\n\t\t\t\t<\/div>\n\t\t\t\t\t<\/div>\n\t\t\t\t<\/div>\n\t\t\t\t<\/div>\n\t\t\t\t<div data-elementor-type=\"loop-item\" data-elementor-id=\"2435\" class=\"elementor elementor-2435 e-loop-item e-loop-item-2448 post-2448 post type-post status-publish format-standard has-post-thumbnail hentry category-blog\" data-elementor-settings=\"{&quot;ha_cmc_init_switcher&quot;:&quot;no&quot;}\" data-elementor-post-type=\"elementor_library\" data-custom-edit-handle=\"1\">\n\t\t\t<div class=\"elementor-element elementor-element-c77c51e e-flex e-con-boxed e-con e-parent\" data-id=\"c77c51e\" data-element_type=\"container\" data-e-type=\"container\" data-settings=\"{&quot;jet_parallax_layout_list&quot;:[],&quot;_ha_eqh_enable&quot;:false}\">\n\t\t\t\t\t<div class=\"e-con-inner\">\n\t\t\t\t<div class=\"elementor-element elementor-element-2138e8a elementor-widget elementor-widget-image\" data-id=\"2138e8a\" data-element_type=\"widget\" data-e-type=\"widget\" data-widget_type=\"image.default\">\n\t\t\t\t<div class=\"elementor-widget-container\">\n\t\t\t\t\t\t\t\t\t\t\t\t\t\t\t\t<a href=\"https:\/\/mirracosmeticos.com\/en\/elixir-gold-o-toque-de-sofisticacao-para-cabelos-radiantes\/\">\n\t\t\t\t\t\t\t<img decoding=\"async\" src=\"https:\/\/mirracosmeticos.com\/wp-content\/uploads\/elementor\/thumbs\/Captura-de-tela-de-2025-03-18-15-37-36-r31z5i28m4p9fydrobgy684d2z1blbyp8wsxwwkwww.jpeg\" title=\"Captura de tela de 2025-03-18 15-37-36\" alt=\"Captura de tela de 2025-03-18 15-37-36\" loading=\"lazy\" \/>\t\t\t\t\t\t\t\t<\/a>\n\t\t\t\t\t\t\t\t\t\t\t\t\t\t\t<\/div>\n\t\t\t\t<\/div>\n\t\t\t\t<div class=\"elementor-element elementor-element-ad643f9 elementor-widget elementor-widget-theme-post-title elementor-page-title elementor-widget-heading\" data-id=\"ad643f9\" data-element_type=\"widget\" data-e-type=\"widget\" data-widget_type=\"theme-post-title.default\">\n\t\t\t\t<div class=\"elementor-widget-container\">\n\t\t\t\t\t<h1 class=\"elementor-heading-title elementor-size-default\"><a href=\"https:\/\/mirracosmeticos.com\/en\/elixir-gold-o-toque-de-sofisticacao-para-cabelos-radiantes\/\">Elixir Gold \u2013 O Toque de Sofistica\u00e7\u00e3o para Cabelos Radiantes<\/a><\/h1>\t\t\t\t<\/div>\n\t\t\t\t<\/div>\n\t\t\t\t<div class=\"elementor-element elementor-element-9a06659 elementor-widget elementor-widget-theme-post-excerpt\" data-id=\"9a06659\" data-element_type=\"widget\" data-e-type=\"widget\" data-widget_type=\"theme-post-excerpt.default\">\n\t\t\t\t<div class=\"elementor-widget-container\">\n\t\t\t\t\t<p>Brilho que transforma, leveza que encanta. Se voc\u00ea busca um finalizador que realce a beleza dos seus fios e proporcione um...\t\t\t\t<\/div>\n\t\t\t\t<\/div>\n\t\t\t\t<div class=\"elementor-element elementor-element-04e8bbe elementor-align-justify elementor-widget elementor-widget-button\" data-id=\"04e8bbe\" data-element_type=\"widget\" data-e-type=\"widget\" data-widget_type=\"button.default\">\n\t\t\t\t<div class=\"elementor-widget-container\">\n\t\t\t\t\t\t\t\t\t<div class=\"elementor-button-wrapper\">\n\t\t\t\t\t<a class=\"elementor-button elementor-button-link elementor-size-sm\" href=\"https:\/\/mirracosmeticos.com\/en\/elixir-gold-o-toque-de-sofisticacao-para-cabelos-radiantes\/\">\n\t\t\t\t\t\t<span class=\"elementor-button-content-wrapper\">\n\t\t\t\t\t\t\t\t\t<span class=\"elementor-button-text\">LER<\/span>\n\t\t\t\t\t<\/span>\n\t\t\t\t\t<\/a>\n\t\t\t\t<\/div>\n\t\t\t\t\t\t\t\t<\/div>\n\t\t\t\t<\/div>\n\t\t\t\t\t<\/div>\n\t\t\t\t<\/div>\n\t\t\t\t<\/div>\n\t\t\t\t<div data-elementor-type=\"loop-item\" data-elementor-id=\"2435\" class=\"elementor elementor-2435 e-loop-item e-loop-item-2439 post-2439 post type-post status-publish format-standard has-post-thumbnail hentry category-blog\" data-elementor-settings=\"{&quot;ha_cmc_init_switcher&quot;:&quot;no&quot;}\" data-elementor-post-type=\"elementor_library\" data-custom-edit-handle=\"1\">\n\t\t\t<div class=\"elementor-element elementor-element-c77c51e e-flex e-con-boxed e-con e-parent\" data-id=\"c77c51e\" data-element_type=\"container\" data-e-type=\"container\" data-settings=\"{&quot;jet_parallax_layout_list&quot;:[],&quot;_ha_eqh_enable&quot;:false}\">\n\t\t\t\t\t<div class=\"e-con-inner\">\n\t\t\t\t<div class=\"elementor-element elementor-element-2138e8a elementor-widget elementor-widget-image\" data-id=\"2138e8a\" data-element_type=\"widget\" data-e-type=\"widget\" data-widget_type=\"image.default\">\n\t\t\t\t<div class=\"elementor-widget-container\">\n\t\t\t\t\t\t\t\t\t\t\t\t\t\t\t\t<a href=\"https:\/\/mirracosmeticos.com\/en\/miss-curls-o-melhor-tratamento-para-cabelos-cacheados\/\">\n\t\t\t\t\t\t\t<img decoding=\"async\" src=\"https:\/\/mirracosmeticos.com\/wp-content\/uploads\/elementor\/thumbs\/Captura-de-tela-de-2025-03-18-15-18-44-r31z5jxwzsru36b1dca7b7na9qs20q65x63wvgi4kg.jpeg\" title=\"Captura de tela de 2025-03-18 15-18-44\" alt=\"Captura de tela de 2025-03-18 15-18-44\" loading=\"lazy\" \/>\t\t\t\t\t\t\t\t<\/a>\n\t\t\t\t\t\t\t\t\t\t\t\t\t\t\t<\/div>\n\t\t\t\t<\/div>\n\t\t\t\t<div class=\"elementor-element elementor-element-ad643f9 elementor-widget elementor-widget-theme-post-title elementor-page-title elementor-widget-heading\" data-id=\"ad643f9\" data-element_type=\"widget\" data-e-type=\"widget\" data-widget_type=\"theme-post-title.default\">\n\t\t\t\t<div class=\"elementor-widget-container\">\n\t\t\t\t\t<h1 class=\"elementor-heading-title elementor-size-default\"><a href=\"https:\/\/mirracosmeticos.com\/en\/miss-curls-o-melhor-tratamento-para-cabelos-cacheados\/\">Miss Curls: O Melhor Tratamento para Cabelos Cacheados<\/a><\/h1>\t\t\t\t<\/div>\n\t\t\t\t<\/div>\n\t\t\t\t<div class=\"elementor-element elementor-element-9a06659 elementor-widget elementor-widget-theme-post-excerpt\" data-id=\"9a06659\" data-element_type=\"widget\" data-e-type=\"widget\" data-widget_type=\"theme-post-excerpt.default\">\n\t\t\t\t<div class=\"elementor-widget-container\">\n\t\t\t\t\t<p>Se voc\u00ea busca um tratamento eficaz para seus cachos, a linha Miss Curls, da Mirra Cosm\u00e9ticos, \u00e9 a solu\u00e7\u00e3o ideal. Desenvolvida...\t\t\t\t<\/div>\n\t\t\t\t<\/div>\n\t\t\t\t<div class=\"elementor-element elementor-element-04e8bbe elementor-align-justify elementor-widget elementor-widget-button\" data-id=\"04e8bbe\" data-element_type=\"widget\" data-e-type=\"widget\" data-widget_type=\"button.default\">\n\t\t\t\t<div class=\"elementor-widget-container\">\n\t\t\t\t\t\t\t\t\t<div class=\"elementor-button-wrapper\">\n\t\t\t\t\t<a class=\"elementor-button elementor-button-link elementor-size-sm\" href=\"https:\/\/mirracosmeticos.com\/en\/miss-curls-o-melhor-tratamento-para-cabelos-cacheados\/\">\n\t\t\t\t\t\t<span class=\"elementor-button-content-wrapper\">\n\t\t\t\t\t\t\t\t\t<span class=\"elementor-button-text\">LER<\/span>\n\t\t\t\t\t<\/span>\n\t\t\t\t\t<\/a>\n\t\t\t\t<\/div>\n\t\t\t\t\t\t\t\t<\/div>\n\t\t\t\t<\/div>\n\t\t\t\t\t<\/div>\n\t\t\t\t<\/div>\n\t\t\t\t<\/div>\n\t\t\t\t<\/div>\n\t\t\t\t\t<span class=\"e-load-more-spinner\">\n\t\t\t\t<svg aria-hidden=\"true\" class=\"e-font-icon-svg e-fas-spinner\" viewBox=\"0 0 512 512\" xmlns=\"http:\/\/www.w3.org\/2000\/svg\"><path d=\"M304 48c0 26.51-21.49 48-48 48s-48-21.49-48-48 21.49-48 48-48 48 21.49 48 48zm-48 368c-26.51 0-48 21.49-48 48s21.49 48 48 48 48-21.49 48-48-21.49-48-48-48zm208-208c-26.51 0-48 21.49-48 48s21.49 48 48 48 48-21.49 48-48-21.49-48-48-48zM96 256c0-26.51-21.49-48-48-48S0 229.49 0 256s21.49 48 48 48 48-21.49 48-48zm12.922 99.078c-26.51 0-48 21.49-48 48s21.49 48 48 48 48-21.49 48-48c0-26.509-21.491-48-48-48zm294.156 0c-26.51 0-48 21.49-48 48s21.49 48 48 48 48-21.49 48-48c0-26.509-21.49-48-48-48zM108.922 60.922c-26.51 0-48 21.49-48 48s21.49 48 48 48 48-21.49 48-48-21.491-48-48-48z\"><\/path><\/svg>\t\t\t<\/span>\n\t\t\n\t\t\t\t\t\t<\/div>\n\t\t\t\t<\/div>\n\t\t\t\t\t<\/div>\n\t\t\t\t<\/div>\n\t\t\t\t<\/div>\n\t\t","protected":false},"excerpt":{"rendered":"<p>Our Blog<\/p>","protected":false},"author":1,"featured_media":0,"parent":0,"menu_order":0,"comment_status":"closed","ping_status":"closed","template":"","meta":{"inline_featured_image":false,"footnotes":""},"class_list":["post-2489","page","type-page","status-publish","hentry"],"yoast_head":"<!-- This site is optimized with the Yoast SEO Premium plugin v24.2 (Yoast SEO v24.2) - https:\/\/yoast.com\/wordpress\/plugins\/seo\/ -->\n<title>Blog - Mirra Professional<\/title>\n<meta name=\"robots\" content=\"index, follow, max-snippet:-1, max-image-preview:large, max-video-preview:-1\" \/>\n<link rel=\"canonical\" href=\"https:\/\/mirracosmeticos.com\/en\/blog\/\" \/>\n<meta property=\"og:locale\" content=\"en_US\" \/>\n<meta property=\"og:type\" content=\"article\" \/>\n<meta property=\"og:title\" content=\"Blog\" \/>\n<meta property=\"og:description\" content=\"Nosso Blog\" \/>\n<meta property=\"og:url\" content=\"https:\/\/mirracosmeticos.com\/en\/blog\/\" \/>\n<meta property=\"og:site_name\" content=\"Mirra Professional\" \/>\n<meta property=\"article:modified_time\" content=\"2025-03-18T22:08:31+00:00\" \/>\n<meta name=\"twitter:card\" content=\"summary_large_image\" \/>\n<meta name=\"twitter:label1\" content=\"Est. reading time\" \/>\n\t<meta name=\"twitter:data1\" content=\"3 minutes\" \/>\n<script type=\"application\/ld+json\" class=\"yoast-schema-graph\">{\"@context\":\"https:\/\/schema.org\",\"@graph\":[{\"@type\":\"WebPage\",\"@id\":\"https:\/\/mirracosmeticos.com\/blog\/\",\"url\":\"https:\/\/mirracosmeticos.com\/blog\/\",\"name\":\"Blog - Mirra Professional\",\"isPartOf\":{\"@id\":\"https:\/\/mirracosmeticos.com\/#website\"},\"datePublished\":\"2025-03-18T19:10:10+00:00\",\"dateModified\":\"2025-03-18T22:08:31+00:00\",\"breadcrumb\":{\"@id\":\"https:\/\/mirracosmeticos.com\/blog\/#breadcrumb\"},\"inLanguage\":\"en-US\",\"potentialAction\":[{\"@type\":\"ReadAction\",\"target\":[\"https:\/\/mirracosmeticos.com\/blog\/\"]}]},{\"@type\":\"BreadcrumbList\",\"@id\":\"https:\/\/mirracosmeticos.com\/blog\/#breadcrumb\",\"itemListElement\":[{\"@type\":\"ListItem\",\"position\":1,\"name\":\"In\u00edcio\",\"item\":\"https:\/\/mirracosmeticos.com\/\"},{\"@type\":\"ListItem\",\"position\":2,\"name\":\"Blog\"}]},{\"@type\":\"WebSite\",\"@id\":\"https:\/\/mirracosmeticos.com\/#website\",\"url\":\"https:\/\/mirracosmeticos.com\/\",\"name\":\"Mirra Professional\",\"description\":\"\",\"potentialAction\":[{\"@type\":\"SearchAction\",\"target\":{\"@type\":\"EntryPoint\",\"urlTemplate\":\"https:\/\/mirracosmeticos.com\/?s={search_term_string}\"},\"query-input\":{\"@type\":\"PropertyValueSpecification\",\"valueRequired\":true,\"valueName\":\"search_term_string\"}}],\"inLanguage\":\"en-US\"}]}<\/script>\n<!-- \/ Yoast SEO Premium plugin. -->","yoast_head_json":{"title":"Blog - Mirra Professional","robots":{"index":"index","follow":"follow","max-snippet":"max-snippet:-1","max-image-preview":"max-image-preview:large","max-video-preview":"max-video-preview:-1"},"canonical":"https:\/\/mirracosmeticos.com\/en\/blog\/","og_locale":"en_US","og_type":"article","og_title":"Blog","og_description":"Nosso Blog","og_url":"https:\/\/mirracosmeticos.com\/en\/blog\/","og_site_name":"Mirra Professional","article_modified_time":"2025-03-18T22:08:31+00:00","twitter_card":"summary_large_image","twitter_misc":{"Est. reading time":"3 minutes"},"schema":{"@context":"https:\/\/schema.org","@graph":[{"@type":"WebPage","@id":"https:\/\/mirracosmeticos.com\/blog\/","url":"https:\/\/mirracosmeticos.com\/blog\/","name":"Blog - Mirra Professional","isPartOf":{"@id":"https:\/\/mirracosmeticos.com\/#website"},"datePublished":"2025-03-18T19:10:10+00:00","dateModified":"2025-03-18T22:08:31+00:00","breadcrumb":{"@id":"https:\/\/mirracosmeticos.com\/blog\/#breadcrumb"},"inLanguage":"en-US","potentialAction":[{"@type":"ReadAction","target":["https:\/\/mirracosmeticos.com\/blog\/"]}]},{"@type":"BreadcrumbList","@id":"https:\/\/mirracosmeticos.com\/blog\/#breadcrumb","itemListElement":[{"@type":"ListItem","position":1,"name":"In\u00edcio","item":"https:\/\/mirracosmeticos.com\/"},{"@type":"ListItem","position":2,"name":"Blog"}]},{"@type":"WebSite","@id":"https:\/\/mirracosmeticos.com\/#website","url":"https:\/\/mirracosmeticos.com\/","name":"Mirra Professional","description":"","potentialAction":[{"@type":"SearchAction","target":{"@type":"EntryPoint","urlTemplate":"https:\/\/mirracosmeticos.com\/?s={search_term_string}"},"query-input":{"@type":"PropertyValueSpecification","valueRequired":true,"valueName":"search_term_string"}}],"inLanguage":"en-US"}]}},"_links":{"self":[{"href":"https:\/\/mirracosmeticos.com\/en\/wp-json\/wp\/v2\/pages\/2489","targetHints":{"allow":["GET"]}}],"collection":[{"href":"https:\/\/mirracosmeticos.com\/en\/wp-json\/wp\/v2\/pages"}],"about":[{"href":"https:\/\/mirracosmeticos.com\/en\/wp-json\/wp\/v2\/types\/page"}],"author":[{"embeddable":true,"href":"https:\/\/mirracosmeticos.com\/en\/wp-json\/wp\/v2\/users\/1"}],"replies":[{"embeddable":true,"href":"https:\/\/mirracosmeticos.com\/en\/wp-json\/wp\/v2\/comments?post=2489"}],"version-history":[{"count":0,"href":"https:\/\/mirracosmeticos.com\/en\/wp-json\/wp\/v2\/pages\/2489\/revisions"}],"wp:attachment":[{"href":"https:\/\/mirracosmeticos.com\/en\/wp-json\/wp\/v2\/media?parent=2489"}],"curies":[{"name":"wp","href":"https:\/\/api.w.org\/{rel}","templated":true}]}}