{"id":1799,"date":"2025-03-16T02:19:21","date_gmt":"2025-03-16T02:19:21","guid":{"rendered":"https:\/\/mirracosmeticos.com\/?page_id=1799"},"modified":"2026-01-29T22:38:59","modified_gmt":"2026-01-29T22:38:59","slug":"a-mirra","status":"publish","type":"page","link":"https:\/\/mirracosmeticos.com\/es\/a-mirra\/","title":{"rendered":"A Mirra"},"content":{"rendered":"<div data-elementor-type=\"wp-page\" data-elementor-id=\"1799\" class=\"elementor elementor-1799\" data-elementor-settings=\"{&quot;ha_cmc_init_switcher&quot;:&quot;no&quot;}\" data-elementor-post-type=\"page\">\n\t\t\t\t<div class=\"elementor-element elementor-element-6317a22 e-flex e-con-boxed e-con e-parent\" data-id=\"6317a22\" data-element_type=\"container\" data-e-type=\"container\" data-settings=\"{&quot;jet_parallax_layout_list&quot;:[],&quot;_ha_eqh_enable&quot;:false}\">\n\t\t\t\t\t<div class=\"e-con-inner\">\n\t\t\t\t<div class=\"elementor-element elementor-element-94caea8 elementor-widget elementor-widget-image\" data-id=\"94caea8\" data-element_type=\"widget\" data-e-type=\"widget\" data-widget_type=\"image.default\">\n\t\t\t\t<div class=\"elementor-widget-container\">\n\t\t\t\t\t\t\t\t\t\t\t\t\t\t\t<img decoding=\"async\" width=\"108\" height=\"114\" src=\"https:\/\/mirracosmeticos.com\/wp-content\/uploads\/2025\/03\/gotinhas.png\" class=\"attachment-large size-large wp-image-1827\" alt=\"\" \/>\t\t\t\t\t\t\t\t\t\t\t\t\t\t\t<\/div>\n\t\t\t\t<\/div>\n\t\t\t\t<div class=\"elementor-element elementor-element-82bb2e9 elementor-widget elementor-widget-heading\" data-id=\"82bb2e9\" data-element_type=\"widget\" data-e-type=\"widget\" data-widget_type=\"heading.default\">\n\t\t\t\t<div class=\"elementor-widget-container\">\n\t\t\t\t\t<h2 class=\"elementor-heading-title elementor-size-default\">MIRRA PROFESSIONAL<\/h2>\t\t\t\t<\/div>\n\t\t\t\t<\/div>\n\t\t\t\t<div class=\"elementor-element elementor-element-875a9cb elementor-widget elementor-widget-text-editor\" data-id=\"875a9cb\" data-element_type=\"widget\" data-e-type=\"widget\" data-widget_type=\"text-editor.default\">\n\t\t\t\t<div class=\"elementor-widget-container\">\n\t\t\t\t\t\t\t\t\t<p>No ano 2000 a Mirra Professional iniciou a produ\u00e7\u00e3o de perfumes e cosm\u00e9ticos para tratamento de pele. Com talento empreendedor, aplicando a experi\u00eancia adquirida por seus criadores, a empresa demonstrou not\u00f3ria evolu\u00e7\u00e3o no mercado ampliando sua linha de produ\u00e7\u00e3o nos anos seguintes, ingressando tamb\u00e9m na cria\u00e7\u00e3o de produtos para os cuidados dos cabelos.<\/p><p>Em 2007, a nascem a linha Mirra Elements e linha Mirra BioRestore. Sob a dire\u00e7\u00e3o de Charles Falc\u00e3o, assumindo como novo propriet\u00e1rio, se focando pelo bem estar introduzindo novas tecnologias e buscando por fragr\u00e2ncias finas importadas.<\/p><p>Os laborat\u00f3rios t\u00eam como principal refer\u00eancia os h\u00e1bitos de consumo de seus clientes, exigentes na busca de resultados com qualidade. Para corresponder a t\u00e3o alto n\u00edvel de exig\u00eancia, a empresa investe de forma cont\u00ednua e ininterrupta em tecnologia e na forma\u00e7\u00e3o de profissionais especializados em cosmetologia. Investe tamb\u00e9m na forma\u00e7\u00e3o de seus colaboradores, crendo sempre na for\u00e7a do conhecimento como o principal meio de superar seus objetivos com efici\u00eancia e qualidade.<\/p><p>Com mais de duas d\u00e9cadas de hist\u00f3ria, a Mirra Professional conquistou sua trajet\u00f3ria de renome nacional, com destaque no desenvolvimento e estudo de produtos e alta performance, oferecendo sempre ao seu cliente qualidade e efici\u00eancia. Qualidade em todos os aspectos que envolvem o produto e efici\u00eancia na obten\u00e7\u00e3o de resultados compat\u00edveis com as necessidades do usu\u00e1rio final.<\/p><p>Atualmente, a Mirra Professional oferece as linhas de produtos capilares para tratamento di\u00e1rio MIRRA Elements, que restauram as fibras capilares, al\u00e9m de dar brilho e vitalidade aos cabelos e MIRRA BioRestore, com colora\u00e7\u00f5es cremosas hidratantes, cores vibrantes e f\u00f3rmulas exclusivas. Al\u00e9m de uma gama numerosa de produtos que v\u00e3o de linhas de manuten\u00e7\u00e3o, hidrata\u00e7\u00e3o, nutri\u00e7\u00e3o entre outros, at\u00e9 \u00f3leos luxuosos, colora\u00e7\u00f5es, para todos os tipos de cabelo. Conta tamb\u00e9m com a Linha Hombre, linha de barbearia para os homens mais exigentes. Todas as linhas s\u00e3o cruelty free.<\/p><p><strong>Miss\u00e3o<\/strong><\/p><p>Levar vitalidade para o dia a dia, atendendo necessidades di\u00e1rias de higiene e cuidados pessoais, transforma\u00e7\u00f5es, com produtos que ajudem as pessoas a sentirem-se bem, bonitas e realizadas.<\/p><p><strong>Vis\u00e3o<\/strong><\/p><p>Estar entre as maiores empresas fabricantes de cosm\u00e9ticos, com centros de distribui\u00e7\u00e3o em todas as capitais e nas principais cidades do pa\u00eds, tornando-se refer\u00eancia na fabrica\u00e7\u00e3o de produtos de qualidade em beleza e satisfa\u00e7\u00e3o pessoal.<\/p><p><strong>Valores<\/strong><\/p><p>Satisfa\u00e7\u00e3o dos clientes<br \/>\u00c9tica<br \/>Responsabilidade, consci\u00eancia e excel\u00eancia no atendimento<br \/>Inova\u00e7\u00e3o e qualidade<br \/>Comprometimento com o meio ambiente<\/p>\t\t\t\t\t\t\t\t<\/div>\n\t\t\t\t<\/div>\n\t\t\t\t\t<\/div>\n\t\t\t\t<\/div>\n\t\t\t\t<\/div>","protected":false},"excerpt":{"rendered":"<p>MIRRA PROFESSIONAL No ano 2000 a Mirra Professional iniciou a produ\u00e7\u00e3o de perfumes e cosm\u00e9ticos para tratamento de pele. Com talento empreendedor, aplicando a experi\u00eancia adquirida por seus criadores, a empresa demonstrou not\u00f3ria evolu\u00e7\u00e3o no mercado ampliando sua linha de produ\u00e7\u00e3o nos anos seguintes, ingressando tamb\u00e9m na cria\u00e7\u00e3o de produtos para os cuidados dos cabelos. [&hellip;]<\/p>\n","protected":false},"author":1,"featured_media":0,"parent":0,"menu_order":0,"comment_status":"closed","ping_status":"closed","template":"","meta":{"inline_featured_image":false,"footnotes":""},"class_list":["post-1799","page","type-page","status-publish","hentry"],"yoast_head":"<!-- This site is optimized with the Yoast SEO Premium plugin v24.2 (Yoast SEO v24.2) - https:\/\/yoast.com\/wordpress\/plugins\/seo\/ -->\n<title>A Mirra - Mirra Professional<\/title>\n<meta name=\"robots\" content=\"index, follow, max-snippet:-1, max-image-preview:large, max-video-preview:-1\" \/>\n<link rel=\"canonical\" href=\"https:\/\/mirracosmeticos.com\/es\/a-mirra\/\" \/>\n<meta property=\"og:locale\" content=\"es_ES\" \/>\n<meta property=\"og:type\" content=\"article\" \/>\n<meta property=\"og:title\" content=\"A Mirra\" \/>\n<meta property=\"og:description\" content=\"MIRRA PROFESSIONAL No ano 2000 a Mirra Professional iniciou a produ\u00e7\u00e3o de perfumes e cosm\u00e9ticos para tratamento de pele. Com talento empreendedor, aplicando a experi\u00eancia adquirida por seus criadores, a empresa demonstrou not\u00f3ria evolu\u00e7\u00e3o no mercado ampliando sua linha de produ\u00e7\u00e3o nos anos seguintes, ingressando tamb\u00e9m na cria\u00e7\u00e3o de produtos para os cuidados dos cabelos. [&hellip;]\" \/>\n<meta property=\"og:url\" content=\"https:\/\/mirracosmeticos.com\/es\/a-mirra\/\" \/>\n<meta property=\"og:site_name\" content=\"Mirra Professional\" \/>\n<meta property=\"article:modified_time\" content=\"2026-01-29T22:38:59+00:00\" \/>\n<meta property=\"og:image\" content=\"https:\/\/mirracosmeticos.com\/wp-content\/uploads\/2025\/03\/gotinhas.png\" \/>\n\t<meta property=\"og:image:width\" content=\"108\" \/>\n\t<meta property=\"og:image:height\" content=\"114\" \/>\n\t<meta property=\"og:image:type\" content=\"image\/png\" \/>\n<meta name=\"twitter:card\" content=\"summary_large_image\" \/>\n<meta name=\"twitter:label1\" content=\"Tiempo de lectura\" \/>\n\t<meta name=\"twitter:data1\" content=\"3 minutos\" \/>\n<script type=\"application\/ld+json\" class=\"yoast-schema-graph\">{\"@context\":\"https:\/\/schema.org\",\"@graph\":[{\"@type\":\"WebPage\",\"@id\":\"https:\/\/mirracosmeticos.com\/a-mirra\/\",\"url\":\"https:\/\/mirracosmeticos.com\/a-mirra\/\",\"name\":\"A Mirra - Mirra Professional\",\"isPartOf\":{\"@id\":\"https:\/\/mirracosmeticos.com\/#website\"},\"primaryImageOfPage\":{\"@id\":\"https:\/\/mirracosmeticos.com\/a-mirra\/#primaryimage\"},\"image\":{\"@id\":\"https:\/\/mirracosmeticos.com\/a-mirra\/#primaryimage\"},\"thumbnailUrl\":\"https:\/\/mirracosmeticos.com\/wp-content\/uploads\/2025\/03\/gotinhas.png\",\"datePublished\":\"2025-03-16T02:19:21+00:00\",\"dateModified\":\"2026-01-29T22:38:59+00:00\",\"breadcrumb\":{\"@id\":\"https:\/\/mirracosmeticos.com\/a-mirra\/#breadcrumb\"},\"inLanguage\":\"es\",\"potentialAction\":[{\"@type\":\"ReadAction\",\"target\":[\"https:\/\/mirracosmeticos.com\/a-mirra\/\"]}]},{\"@type\":\"ImageObject\",\"inLanguage\":\"es\",\"@id\":\"https:\/\/mirracosmeticos.com\/a-mirra\/#primaryimage\",\"url\":\"https:\/\/mirracosmeticos.com\/wp-content\/uploads\/2025\/03\/gotinhas.png\",\"contentUrl\":\"https:\/\/mirracosmeticos.com\/wp-content\/uploads\/2025\/03\/gotinhas.png\"},{\"@type\":\"BreadcrumbList\",\"@id\":\"https:\/\/mirracosmeticos.com\/a-mirra\/#breadcrumb\",\"itemListElement\":[{\"@type\":\"ListItem\",\"position\":1,\"name\":\"In\u00edcio\",\"item\":\"https:\/\/mirracosmeticos.com\/\"},{\"@type\":\"ListItem\",\"position\":2,\"name\":\"A Mirra\"}]},{\"@type\":\"WebSite\",\"@id\":\"https:\/\/mirracosmeticos.com\/#website\",\"url\":\"https:\/\/mirracosmeticos.com\/\",\"name\":\"Mirra Professional\",\"description\":\"\",\"potentialAction\":[{\"@type\":\"SearchAction\",\"target\":{\"@type\":\"EntryPoint\",\"urlTemplate\":\"https:\/\/mirracosmeticos.com\/?s={search_term_string}\"},\"query-input\":{\"@type\":\"PropertyValueSpecification\",\"valueRequired\":true,\"valueName\":\"search_term_string\"}}],\"inLanguage\":\"es\"}]}<\/script>\n<!-- \/ Yoast SEO Premium plugin. -->","yoast_head_json":{"title":"A Mirra - Mirra Professional","robots":{"index":"index","follow":"follow","max-snippet":"max-snippet:-1","max-image-preview":"max-image-preview:large","max-video-preview":"max-video-preview:-1"},"canonical":"https:\/\/mirracosmeticos.com\/es\/a-mirra\/","og_locale":"es_ES","og_type":"article","og_title":"A Mirra","og_description":"MIRRA PROFESSIONAL No ano 2000 a Mirra Professional iniciou a produ\u00e7\u00e3o de perfumes e cosm\u00e9ticos para tratamento de pele. Com talento empreendedor, aplicando a experi\u00eancia adquirida por seus criadores, a empresa demonstrou not\u00f3ria evolu\u00e7\u00e3o no mercado ampliando sua linha de produ\u00e7\u00e3o nos anos seguintes, ingressando tamb\u00e9m na cria\u00e7\u00e3o de produtos para os cuidados dos cabelos. [&hellip;]","og_url":"https:\/\/mirracosmeticos.com\/es\/a-mirra\/","og_site_name":"Mirra Professional","article_modified_time":"2026-01-29T22:38:59+00:00","og_image":[{"width":108,"height":114,"url":"https:\/\/mirracosmeticos.com\/wp-content\/uploads\/2025\/03\/gotinhas.png","type":"image\/png"}],"twitter_card":"summary_large_image","twitter_misc":{"Tiempo de lectura":"3 minutos"},"schema":{"@context":"https:\/\/schema.org","@graph":[{"@type":"WebPage","@id":"https:\/\/mirracosmeticos.com\/a-mirra\/","url":"https:\/\/mirracosmeticos.com\/a-mirra\/","name":"A Mirra - Mirra Professional","isPartOf":{"@id":"https:\/\/mirracosmeticos.com\/#website"},"primaryImageOfPage":{"@id":"https:\/\/mirracosmeticos.com\/a-mirra\/#primaryimage"},"image":{"@id":"https:\/\/mirracosmeticos.com\/a-mirra\/#primaryimage"},"thumbnailUrl":"https:\/\/mirracosmeticos.com\/wp-content\/uploads\/2025\/03\/gotinhas.png","datePublished":"2025-03-16T02:19:21+00:00","dateModified":"2026-01-29T22:38:59+00:00","breadcrumb":{"@id":"https:\/\/mirracosmeticos.com\/a-mirra\/#breadcrumb"},"inLanguage":"es","potentialAction":[{"@type":"ReadAction","target":["https:\/\/mirracosmeticos.com\/a-mirra\/"]}]},{"@type":"ImageObject","inLanguage":"es","@id":"https:\/\/mirracosmeticos.com\/a-mirra\/#primaryimage","url":"https:\/\/mirracosmeticos.com\/wp-content\/uploads\/2025\/03\/gotinhas.png","contentUrl":"https:\/\/mirracosmeticos.com\/wp-content\/uploads\/2025\/03\/gotinhas.png"},{"@type":"BreadcrumbList","@id":"https:\/\/mirracosmeticos.com\/a-mirra\/#breadcrumb","itemListElement":[{"@type":"ListItem","position":1,"name":"In\u00edcio","item":"https:\/\/mirracosmeticos.com\/"},{"@type":"ListItem","position":2,"name":"A Mirra"}]},{"@type":"WebSite","@id":"https:\/\/mirracosmeticos.com\/#website","url":"https:\/\/mirracosmeticos.com\/","name":"Mirra Professional","description":"","potentialAction":[{"@type":"SearchAction","target":{"@type":"EntryPoint","urlTemplate":"https:\/\/mirracosmeticos.com\/?s={search_term_string}"},"query-input":{"@type":"PropertyValueSpecification","valueRequired":true,"valueName":"search_term_string"}}],"inLanguage":"es"}]}},"_links":{"self":[{"href":"https:\/\/mirracosmeticos.com\/es\/wp-json\/wp\/v2\/pages\/1799","targetHints":{"allow":["GET"]}}],"collection":[{"href":"https:\/\/mirracosmeticos.com\/es\/wp-json\/wp\/v2\/pages"}],"about":[{"href":"https:\/\/mirracosmeticos.com\/es\/wp-json\/wp\/v2\/types\/page"}],"author":[{"embeddable":true,"href":"https:\/\/mirracosmeticos.com\/es\/wp-json\/wp\/v2\/users\/1"}],"replies":[{"embeddable":true,"href":"https:\/\/mirracosmeticos.com\/es\/wp-json\/wp\/v2\/comments?post=1799"}],"version-history":[{"count":9,"href":"https:\/\/mirracosmeticos.com\/es\/wp-json\/wp\/v2\/pages\/1799\/revisions"}],"predecessor-version":[{"id":3279,"href":"https:\/\/mirracosmeticos.com\/es\/wp-json\/wp\/v2\/pages\/1799\/revisions\/3279"}],"wp:attachment":[{"href":"https:\/\/mirracosmeticos.com\/es\/wp-json\/wp\/v2\/media?parent=1799"}],"curies":[{"name":"wp","href":"https:\/\/api.w.org\/{rel}","templated":true}]}}