{"id":3069,"date":"2025-07-24T14:32:41","date_gmt":"2025-07-24T14:32:41","guid":{"rendered":"https:\/\/mirracosmeticos.com\/?page_id=3069"},"modified":"2026-03-04T23:12:38","modified_gmt":"2026-03-04T23:12:38","slug":"seja-um-distribuidor","status":"publish","type":"page","link":"https:\/\/mirracosmeticos.com\/es\/seja-um-distribuidor\/","title":{"rendered":"Seja um Distribuidor"},"content":{"rendered":"\t\t<div data-elementor-type=\"wp-page\" data-elementor-id=\"3069\" class=\"elementor elementor-3069\" data-elementor-settings=\"{&quot;ha_cmc_init_switcher&quot;:&quot;no&quot;}\" data-elementor-post-type=\"page\">\n\t\t\t\t\t\t<section class=\"elementor-section elementor-top-section elementor-element elementor-element-f941ded elementor-section-height-min-height elementor-section-items-stretch elementor-section-boxed elementor-section-height-default\" data-id=\"f941ded\" data-element_type=\"section\" data-e-type=\"section\" data-settings=\"{&quot;jet_parallax_layout_list&quot;:[],&quot;_ha_eqh_enable&quot;:false}\">\n\t\t\t\t\t\t<div class=\"elementor-container elementor-column-gap-wider\">\n\t\t\t\t\t<div class=\"elementor-column elementor-col-50 elementor-top-column elementor-element elementor-element-7ff8811\" data-id=\"7ff8811\" data-element_type=\"column\" data-e-type=\"column\">\n\t\t\t<div class=\"elementor-widget-wrap elementor-element-populated\">\n\t\t\t\t\t\t<div class=\"elementor-element elementor-element-ca61189 elementor-widget elementor-widget-heading\" data-id=\"ca61189\" data-element_type=\"widget\" data-e-type=\"widget\" data-widget_type=\"heading.default\">\n\t\t\t\t<div class=\"elementor-widget-container\">\n\t\t\t\t\t<h2 class=\"elementor-heading-title elementor-size-default\">Seja um distribuidor<\/h2>\t\t\t\t<\/div>\n\t\t\t\t<\/div>\n\t\t\t\t<div class=\"elementor-element elementor-element-42b0bbe elementor-widget elementor-widget-text-editor\" data-id=\"42b0bbe\" data-element_type=\"widget\" data-e-type=\"widget\" data-widget_type=\"text-editor.default\">\n\t\t\t\t<div class=\"elementor-widget-container\">\n\t\t\t\t\t\t\t\t\t<p>A MIRRA cresce com parcerias s\u00f3lidas na promo\u00e7\u00e3o de seus produtos, de qualidade reconhecida em todo o territ\u00f3rio nacional. Se voc\u00ea \u00e9 empreendedor e tem vontade de atuar no mercado de cosm\u00e9ticos, que cresce mais a cada ano, a MIRRA oferece uma excelente e lucrativa oportunidade para voc\u00ea.<\/p><p>Veja algumas de nossas vantagens:<\/p><ul><li>A MIRRA \u00e9 uma marca-refer\u00eancia no mercado de cosm\u00e9ticos.<\/li><li>Linha de produ\u00e7\u00e3o em constante evolu\u00e7\u00e3o para atender \u00e0s demandas do mercado.<\/li><li>Produtos com valor agregado, garantindo lucratividade e bons neg\u00f3cios.<\/li><li>Cosm\u00e9ticos com qualidade assegurada, feitos a partir de mat\u00e9ria-prima selecionada, atendendo plenamente \u00e0s normas do Minist\u00e9rio da Sa\u00fade da Ag\u00eancia Nacional de Vigil\u00e2ncia Sanit\u00e1ria (Anvisa).<\/li><li>Produtos diversificados para o atendimento pleno do p\u00fablico alvo.<\/li><li>Atendimento personalizado para os distribuidores.<\/li><\/ul>\t\t\t\t\t\t\t\t<\/div>\n\t\t\t\t<\/div>\n\t\t\t\t<div class=\"elementor-element elementor-element-d67d57e elementor-widget elementor-widget-html\" data-id=\"d67d57e\" data-element_type=\"widget\" data-e-type=\"widget\" data-widget_type=\"html.default\">\n\t\t\t\t<div class=\"elementor-widget-container\">\n\t\t\t\t\t<script type=\"text\/javascript\" src=\"https:\/\/cdnjs.cloudflare.com\/ajax\/libs\/jquery.mask\/1.14.15\/jquery.mask.min.js\"><\/script>\r\n<script type=\"text\/javascript\" >\r\n\r\njQuery(document).ready(function( $ ) {\r\nfunction limpa_formulario_cep() {\r\n\r\n$(\"#form-field-endereco\").val(\"\");\r\n$(\"#form-field-cidade\").val(\"\");\r\n$(\"#form-field-estado\").val(\"\");\r\n$(\"#form-field-bairro\").val(\"\");\r\n}\r\n\r\n$(\"#form-field-cep\").blur(function() {\r\n\r\nvar cep = $(this).val().replace(\/\\D\/g, '');\r\n\r\nif (cep != \"\") {\r\n\r\nvar validacep = \/^[0-9]{8}$\/;\r\n\r\nif(validacep.test(cep)) {\r\n\r\n$(\"#form-field-endereco\").val(\"...\");\r\n$(\"#form-field-cidade\").val(\"...\");\r\n$(\"#form-field-estado\").val(\"...\");\r\n$(\"#form-field-bairro\").val(\"...\");\r\n\r\n$.getJSON(\"\/\/viacep.com.br\/ws\/\"+ cep +\"\/json\/?callback=?\", function(dados) {\r\n\r\nif (!(\"erro\" in dados)) {\r\n\r\n$(\"#form-field-endereco\").val(dados.logradouro);\r\n$(\"#form-field-cidade\").val(dados.localidade);\r\n$(\"#form-field-estado\").val(dados.uf);\r\n$(\"#form-field-bairro\").val(dados.bairro);\r\n}\r\nelse {\r\n\r\nlimpa_formulario_cep();\r\nalert(\"CEP n\u00e3o encontrado.\");\r\n}\r\n});\r\n}\r\nelse {\r\n\r\nlimpa_formulario_cep();\r\nalert(\"Formato de CEP inv\u00e1lido.\");\r\n}\r\n}\r\nelse {\r\n\r\nlimpa_formulario_cep();\r\n}\r\n});\r\n$(\"#form-field-telefone_comercial\").mask(\"(99) 999999999\");\r\n$(\"#form-field-telefone_pessoal\").mask(\"(99) 999999999\");\r\n$(\"#form-field-rg\").mask(\"00.000.000-*\");\r\n$(\"#form-field-cpf\").mask(\"000.000.000-**\");\r\n$(\"#form-field-cep\").mask(\"00000-000\");\r\n\r\n});\r\n<\/script>\t\t\t\t<\/div>\n\t\t\t\t<\/div>\n\t\t\t\t\t<\/div>\n\t\t<\/div>\n\t\t\t\t<div class=\"elementor-column elementor-col-50 elementor-top-column elementor-element elementor-element-01398f1\" data-id=\"01398f1\" data-element_type=\"column\" data-e-type=\"column\">\n\t\t\t<div class=\"elementor-widget-wrap elementor-element-populated\">\n\t\t\t\t\t\t<div class=\"elementor-element elementor-element-416f7a0 elementor-button-align-start elementor-widget elementor-widget-form\" data-id=\"416f7a0\" data-element_type=\"widget\" data-e-type=\"widget\" data-settings=\"{&quot;step_next_label&quot;:&quot;Next&quot;,&quot;step_previous_label&quot;:&quot;Previous&quot;,&quot;button_width&quot;:&quot;100&quot;,&quot;step_type&quot;:&quot;number_text&quot;,&quot;step_icon_shape&quot;:&quot;circle&quot;}\" data-widget_type=\"form.default\">\n\t\t\t\t<div class=\"elementor-widget-container\">\n\t\t\t\t\t\t\t<form class=\"elementor-form\" method=\"post\" name=\"Seja um distribuidor\" aria-label=\"Seja um distribuidor\">\n\t\t\t<input type=\"hidden\" name=\"post_id\" value=\"3069\"\/>\n\t\t\t<input type=\"hidden\" name=\"form_id\" value=\"416f7a0\"\/>\n\t\t\t<input type=\"hidden\" name=\"referer_title\" value=\"Mirra Professional\" \/>\n\n\t\t\t\n\t\t\t<div class=\"elementor-form-fields-wrapper elementor-labels-\">\n\t\t\t\t\t\t\t\t<div class=\"elementor-field-type-text elementor-field-group elementor-column elementor-field-group-name elementor-col-100 elementor-field-required\">\n\t\t\t\t\t\t\t\t\t\t\t\t<label for=\"form-field-name\" class=\"elementor-field-label elementor-screen-only\">\n\t\t\t\t\t\t\t\tNome Fantasia\t\t\t\t\t\t\t<\/label>\n\t\t\t\t\t\t\t\t\t\t\t\t\t\t<input size=\"1\" type=\"text\" name=\"form_fields[name]\" id=\"form-field-name\" class=\"elementor-field elementor-size-sm  elementor-field-textual\" placeholder=\"Nome Fantasia*\" required=\"required\">\n\t\t\t\t\t\t\t\t\t\t\t<\/div>\n\t\t\t\t\t\t\t\t<div class=\"elementor-field-type-text elementor-field-group elementor-column elementor-field-group-field_0ab6128 elementor-col-100 elementor-field-required\">\n\t\t\t\t\t\t\t\t\t\t\t\t<label for=\"form-field-field_0ab6128\" class=\"elementor-field-label elementor-screen-only\">\n\t\t\t\t\t\t\t\tRespons\u00e1vel\t\t\t\t\t\t\t<\/label>\n\t\t\t\t\t\t\t\t\t\t\t\t\t\t<input size=\"1\" type=\"text\" name=\"form_fields[field_0ab6128]\" id=\"form-field-field_0ab6128\" class=\"elementor-field elementor-size-sm  elementor-field-textual\" placeholder=\"Respons\u00e1vel*\" required=\"required\">\n\t\t\t\t\t\t\t\t\t\t\t<\/div>\n\t\t\t\t\t\t\t\t<div class=\"elementor-field-type-text elementor-field-group elementor-column elementor-field-group-cep elementor-col-100 elementor-field-required\">\n\t\t\t\t\t\t\t\t\t\t\t\t<label for=\"form-field-cep\" class=\"elementor-field-label elementor-screen-only\">\n\t\t\t\t\t\t\t\tCEP\t\t\t\t\t\t\t<\/label>\n\t\t\t\t\t\t\t\t\t\t\t\t\t\t<input size=\"1\" type=\"text\" name=\"form_fields[cep]\" id=\"form-field-cep\" class=\"elementor-field elementor-size-sm  elementor-field-textual\" placeholder=\"CEP*\" required=\"required\">\n\t\t\t\t\t\t\t\t\t\t\t<\/div>\n\t\t\t\t\t\t\t\t<div class=\"elementor-field-type-text elementor-field-group elementor-column elementor-field-group-rua elementor-col-100 elementor-sm-75 elementor-field-required\">\n\t\t\t\t\t\t\t\t\t\t\t\t<label for=\"form-field-rua\" class=\"elementor-field-label elementor-screen-only\">\n\t\t\t\t\t\t\t\tRua\t\t\t\t\t\t\t<\/label>\n\t\t\t\t\t\t\t\t\t\t\t\t\t\t<input size=\"1\" type=\"text\" name=\"form_fields[rua]\" id=\"form-field-rua\" class=\"elementor-field elementor-size-sm  elementor-field-textual\" placeholder=\"Rua*\" required=\"required\">\n\t\t\t\t\t\t\t\t\t\t\t<\/div>\n\t\t\t\t\t\t\t\t<div class=\"elementor-field-type-text elementor-field-group elementor-column elementor-field-group-numero elementor-col-100 elementor-sm-25 elementor-field-required\">\n\t\t\t\t\t\t\t\t\t\t\t\t<label for=\"form-field-numero\" class=\"elementor-field-label elementor-screen-only\">\n\t\t\t\t\t\t\t\tN\u00famero\t\t\t\t\t\t\t<\/label>\n\t\t\t\t\t\t\t\t\t\t\t\t\t\t<input size=\"1\" type=\"text\" name=\"form_fields[numero]\" id=\"form-field-numero\" class=\"elementor-field elementor-size-sm  elementor-field-textual\" placeholder=\"N\u00famero*\" required=\"required\">\n\t\t\t\t\t\t\t\t\t\t\t<\/div>\n\t\t\t\t\t\t\t\t<div class=\"elementor-field-type-text elementor-field-group elementor-column elementor-field-group-bairro2 elementor-col-100 elementor-sm-40 elementor-field-required\">\n\t\t\t\t\t\t\t\t\t\t\t\t<label for=\"form-field-bairro2\" class=\"elementor-field-label elementor-screen-only\">\n\t\t\t\t\t\t\t\tBairro\t\t\t\t\t\t\t<\/label>\n\t\t\t\t\t\t\t\t\t\t\t\t\t\t<input size=\"1\" type=\"text\" name=\"form_fields[bairro2]\" id=\"form-field-bairro2\" class=\"elementor-field elementor-size-sm  elementor-field-textual\" placeholder=\"Bairro*\" required=\"required\">\n\t\t\t\t\t\t\t\t\t\t\t<\/div>\n\t\t\t\t\t\t\t\t<div class=\"elementor-field-type-text elementor-field-group elementor-column elementor-field-group-cidade elementor-col-100 elementor-sm-40 elementor-field-required\">\n\t\t\t\t\t\t\t\t\t\t\t\t<label for=\"form-field-cidade\" class=\"elementor-field-label elementor-screen-only\">\n\t\t\t\t\t\t\t\tCidade\t\t\t\t\t\t\t<\/label>\n\t\t\t\t\t\t\t\t\t\t\t\t\t\t<input size=\"1\" type=\"text\" name=\"form_fields[cidade]\" id=\"form-field-cidade\" class=\"elementor-field elementor-size-sm  elementor-field-textual\" placeholder=\"Cidade*\" required=\"required\">\n\t\t\t\t\t\t\t\t\t\t\t<\/div>\n\t\t\t\t\t\t\t\t<div class=\"elementor-field-type-select elementor-field-group elementor-column elementor-field-group-estado elementor-col-100 elementor-sm-20 elementor-field-required\">\n\t\t\t\t\t\t\t\t\t\t\t\t<label for=\"form-field-estado\" class=\"elementor-field-label elementor-screen-only\">\n\t\t\t\t\t\t\t\tEstado\t\t\t\t\t\t\t<\/label>\n\t\t\t\t\t\t\t\t<div class=\"elementor-field elementor-select-wrapper remove-before \">\n\t\t\t<div class=\"select-caret-down-wrapper\">\n\t\t\t\t<svg aria-hidden=\"true\" class=\"e-font-icon-svg e-eicon-caret-down\" viewBox=\"0 0 571.4 571.4\" xmlns=\"http:\/\/www.w3.org\/2000\/svg\"><path d=\"M571 393Q571 407 561 418L311 668Q300 679 286 679T261 668L11 418Q0 407 0 393T11 368 36 357H536Q550 357 561 368T571 393Z\"><\/path><\/svg>\t\t\t<\/div>\n\t\t\t<select name=\"form_fields[estado]\" id=\"form-field-estado\" class=\"elementor-field-textual elementor-size-sm\" required=\"required\">\n\t\t\t\t\t\t\t\t\t<option value=\"Estado*\">Estado*<\/option>\n\t\t\t\t\t\t\t\t\t<option value=\"AC\">AC<\/option>\n\t\t\t\t\t\t\t\t\t<option value=\"AL\">AL<\/option>\n\t\t\t\t\t\t\t\t\t<option value=\"AP\">AP<\/option>\n\t\t\t\t\t\t\t\t\t<option value=\"AM\">AM<\/option>\n\t\t\t\t\t\t\t\t\t<option value=\"BA\">BA<\/option>\n\t\t\t\t\t\t\t\t\t<option value=\"CE\">CE<\/option>\n\t\t\t\t\t\t\t\t\t<option value=\"DF\">DF<\/option>\n\t\t\t\t\t\t\t\t\t<option value=\"ES\">ES<\/option>\n\t\t\t\t\t\t\t\t\t<option value=\"GO\">GO<\/option>\n\t\t\t\t\t\t\t\t\t<option value=\"MA\">MA<\/option>\n\t\t\t\t\t\t\t\t\t<option value=\"MT\">MT<\/option>\n\t\t\t\t\t\t\t\t\t<option value=\"MS\">MS<\/option>\n\t\t\t\t\t\t\t\t\t<option value=\"MG\">MG<\/option>\n\t\t\t\t\t\t\t\t\t<option value=\"PA\">PA<\/option>\n\t\t\t\t\t\t\t\t\t<option value=\"PB\">PB<\/option>\n\t\t\t\t\t\t\t\t\t<option value=\"PR\">PR<\/option>\n\t\t\t\t\t\t\t\t\t<option value=\"PE\">PE<\/option>\n\t\t\t\t\t\t\t\t\t<option value=\"PI\">PI<\/option>\n\t\t\t\t\t\t\t\t\t<option value=\"RJ\">RJ<\/option>\n\t\t\t\t\t\t\t\t\t<option value=\"RN\">RN<\/option>\n\t\t\t\t\t\t\t\t\t<option value=\"RS\">RS<\/option>\n\t\t\t\t\t\t\t\t\t<option value=\"RO\">RO<\/option>\n\t\t\t\t\t\t\t\t\t<option value=\"RR\">RR<\/option>\n\t\t\t\t\t\t\t\t\t<option value=\"SC\">SC<\/option>\n\t\t\t\t\t\t\t\t\t<option value=\"SP\">SP<\/option>\n\t\t\t\t\t\t\t\t\t<option value=\"SE\">SE<\/option>\n\t\t\t\t\t\t\t\t\t<option value=\"TO\">TO<\/option>\n\t\t\t\t\t\t\t<\/select>\n\t\t<\/div>\n\t\t\t\t\t\t<\/div>\n\t\t\t\t\t\t\t\t<div class=\"elementor-field-type-text elementor-field-group elementor-column elementor-field-group-telefone_comercial elementor-col-100 elementor-field-required\">\n\t\t\t\t\t\t\t\t\t\t\t\t<label for=\"form-field-telefone_comercial\" class=\"elementor-field-label elementor-screen-only\">\n\t\t\t\t\t\t\t\tTelefone Comercial com DDD\t\t\t\t\t\t\t<\/label>\n\t\t\t\t\t\t\t\t\t\t\t\t\t\t<input size=\"1\" type=\"text\" name=\"form_fields[telefone_comercial]\" id=\"form-field-telefone_comercial\" class=\"elementor-field elementor-size-sm  elementor-field-textual\" placeholder=\"Telefone Comercial com DDD*\" required=\"required\">\n\t\t\t\t\t\t\t\t\t\t\t<\/div>\n\t\t\t\t\t\t\t\t<div class=\"elementor-field-type-text elementor-field-group elementor-column elementor-field-group-telefone_pessoal elementor-col-100 elementor-field-required\">\n\t\t\t\t\t\t\t\t\t\t\t\t<label for=\"form-field-telefone_pessoal\" class=\"elementor-field-label elementor-screen-only\">\n\t\t\t\t\t\t\t\tTelefone Pessoal com DDD\t\t\t\t\t\t\t<\/label>\n\t\t\t\t\t\t\t\t\t\t\t\t\t\t<input size=\"1\" type=\"text\" name=\"form_fields[telefone_pessoal]\" id=\"form-field-telefone_pessoal\" class=\"elementor-field elementor-size-sm  elementor-field-textual\" placeholder=\"Telefone Pessoal com DDD*\" required=\"required\">\n\t\t\t\t\t\t\t\t\t\t\t<\/div>\n\t\t\t\t\t\t\t\t<div class=\"elementor-field-type-email elementor-field-group elementor-column elementor-field-group-email elementor-col-100 elementor-field-required\">\n\t\t\t\t\t\t\t\t\t\t\t\t<label for=\"form-field-email\" class=\"elementor-field-label elementor-screen-only\">\n\t\t\t\t\t\t\t\tE-mail\t\t\t\t\t\t\t<\/label>\n\t\t\t\t\t\t\t\t\t\t\t\t\t\t<input size=\"1\" type=\"email\" name=\"form_fields[email]\" id=\"form-field-email\" class=\"elementor-field elementor-size-sm  elementor-field-textual\" placeholder=\"E-mail*\" required=\"required\">\n\t\t\t\t\t\t\t\t\t\t\t<\/div>\n\t\t\t\t\t\t\t\t<div class=\"elementor-field-type-textarea elementor-field-group elementor-column elementor-field-group-field_852a8e3 elementor-col-100\">\n\t\t\t\t\t\t\t\t\t\t\t\t<label for=\"form-field-field_852a8e3\" class=\"elementor-field-label elementor-screen-only\">\n\t\t\t\t\t\t\t\tMensagem\t\t\t\t\t\t\t<\/label>\n\t\t\t\t\t\t<textarea class=\"elementor-field-textual elementor-field  elementor-size-sm\" name=\"form_fields[field_852a8e3]\" id=\"form-field-field_852a8e3\" rows=\"5\" placeholder=\"Mensagem\"><\/textarea>\t\t\t\t<\/div>\n\t\t\t\t\t\t\t\t<div class=\"elementor-field-group elementor-column elementor-field-type-submit elementor-col-100 e-form__buttons\">\n\t\t\t\t\t<button class=\"elementor-button elementor-size-sm\" type=\"submit\">\n\t\t\t\t\t\t<span class=\"elementor-button-content-wrapper\">\n\t\t\t\t\t\t\t\t\t\t\t\t\t\t\t\t\t\t\t\t\t\t<span class=\"elementor-button-text\">Enviar<\/span>\n\t\t\t\t\t\t\t\t\t\t\t\t\t<\/span>\n\t\t\t\t\t<\/button>\n\t\t\t\t<\/div>\n\t\t\t<\/div>\n\t\t<\/form>\n\t\t\t\t\t\t<\/div>\n\t\t\t\t<\/div>\n\t\t\t\t\t<\/div>\n\t\t<\/div>\n\t\t\t\t\t<\/div>\n\t\t<\/section>\n\t\t\t\t<\/div>\n\t\t","protected":false},"excerpt":{"rendered":"<p>Seja um distribuidor A MIRRA cresce com parcerias s\u00f3lidas na promo\u00e7\u00e3o de seus produtos, de qualidade reconhecida em todo o territ\u00f3rio nacional. Se voc\u00ea \u00e9 empreendedor e tem vontade de atuar no mercado de cosm\u00e9ticos, que cresce mais a cada ano, a MIRRA oferece uma excelente e lucrativa oportunidade para voc\u00ea. Veja algumas de nossas [&hellip;]<\/p>\n","protected":false},"author":1,"featured_media":0,"parent":0,"menu_order":0,"comment_status":"closed","ping_status":"closed","template":"","meta":{"inline_featured_image":false,"footnotes":""},"class_list":["post-3069","page","type-page","status-publish","hentry"],"yoast_head":"<!-- This site is optimized with the Yoast SEO Premium plugin v24.2 (Yoast SEO v24.2) - https:\/\/yoast.com\/wordpress\/plugins\/seo\/ -->\n<title>Seja um Distribuidor - Mirra Professional<\/title>\n<meta name=\"robots\" content=\"index, follow, max-snippet:-1, max-image-preview:large, max-video-preview:-1\" \/>\n<link rel=\"canonical\" href=\"https:\/\/mirracosmeticos.com\/es\/seja-um-distribuidor\/\" \/>\n<meta property=\"og:locale\" content=\"es_ES\" \/>\n<meta property=\"og:type\" content=\"article\" \/>\n<meta property=\"og:title\" content=\"Seja um Distribuidor\" \/>\n<meta property=\"og:description\" content=\"Seja um distribuidor A MIRRA cresce com parcerias s\u00f3lidas na promo\u00e7\u00e3o de seus produtos, de qualidade reconhecida em todo o territ\u00f3rio nacional. Se voc\u00ea \u00e9 empreendedor e tem vontade de atuar no mercado de cosm\u00e9ticos, que cresce mais a cada ano, a MIRRA oferece uma excelente e lucrativa oportunidade para voc\u00ea. Veja algumas de nossas [&hellip;]\" \/>\n<meta property=\"og:url\" content=\"https:\/\/mirracosmeticos.com\/es\/seja-um-distribuidor\/\" \/>\n<meta property=\"og:site_name\" content=\"Mirra Professional\" \/>\n<meta property=\"article:modified_time\" content=\"2026-03-04T23:12:38+00:00\" \/>\n<meta name=\"twitter:card\" content=\"summary_large_image\" \/>\n<meta name=\"twitter:label1\" content=\"Tiempo de lectura\" \/>\n\t<meta name=\"twitter:data1\" content=\"1 minuto\" \/>\n<script type=\"application\/ld+json\" class=\"yoast-schema-graph\">{\"@context\":\"https:\/\/schema.org\",\"@graph\":[{\"@type\":\"WebPage\",\"@id\":\"https:\/\/mirracosmeticos.com\/seja-um-distribuidor\/\",\"url\":\"https:\/\/mirracosmeticos.com\/seja-um-distribuidor\/\",\"name\":\"Seja um Distribuidor - Mirra Professional\",\"isPartOf\":{\"@id\":\"https:\/\/mirracosmeticos.com\/#website\"},\"datePublished\":\"2025-07-24T14:32:41+00:00\",\"dateModified\":\"2026-03-04T23:12:38+00:00\",\"breadcrumb\":{\"@id\":\"https:\/\/mirracosmeticos.com\/seja-um-distribuidor\/#breadcrumb\"},\"inLanguage\":\"es\",\"potentialAction\":[{\"@type\":\"ReadAction\",\"target\":[\"https:\/\/mirracosmeticos.com\/seja-um-distribuidor\/\"]}]},{\"@type\":\"BreadcrumbList\",\"@id\":\"https:\/\/mirracosmeticos.com\/seja-um-distribuidor\/#breadcrumb\",\"itemListElement\":[{\"@type\":\"ListItem\",\"position\":1,\"name\":\"In\u00edcio\",\"item\":\"https:\/\/mirracosmeticos.com\/\"},{\"@type\":\"ListItem\",\"position\":2,\"name\":\"Seja um Distribuidor\"}]},{\"@type\":\"WebSite\",\"@id\":\"https:\/\/mirracosmeticos.com\/#website\",\"url\":\"https:\/\/mirracosmeticos.com\/\",\"name\":\"Mirra Professional\",\"description\":\"\",\"potentialAction\":[{\"@type\":\"SearchAction\",\"target\":{\"@type\":\"EntryPoint\",\"urlTemplate\":\"https:\/\/mirracosmeticos.com\/?s={search_term_string}\"},\"query-input\":{\"@type\":\"PropertyValueSpecification\",\"valueRequired\":true,\"valueName\":\"search_term_string\"}}],\"inLanguage\":\"es\"}]}<\/script>\n<!-- \/ Yoast SEO Premium plugin. -->","yoast_head_json":{"title":"Seja um Distribuidor - Mirra Professional","robots":{"index":"index","follow":"follow","max-snippet":"max-snippet:-1","max-image-preview":"max-image-preview:large","max-video-preview":"max-video-preview:-1"},"canonical":"https:\/\/mirracosmeticos.com\/es\/seja-um-distribuidor\/","og_locale":"es_ES","og_type":"article","og_title":"Seja um Distribuidor","og_description":"Seja um distribuidor A MIRRA cresce com parcerias s\u00f3lidas na promo\u00e7\u00e3o de seus produtos, de qualidade reconhecida em todo o territ\u00f3rio nacional. Se voc\u00ea \u00e9 empreendedor e tem vontade de atuar no mercado de cosm\u00e9ticos, que cresce mais a cada ano, a MIRRA oferece uma excelente e lucrativa oportunidade para voc\u00ea. Veja algumas de nossas [&hellip;]","og_url":"https:\/\/mirracosmeticos.com\/es\/seja-um-distribuidor\/","og_site_name":"Mirra Professional","article_modified_time":"2026-03-04T23:12:38+00:00","twitter_card":"summary_large_image","twitter_misc":{"Tiempo de lectura":"1 minuto"},"schema":{"@context":"https:\/\/schema.org","@graph":[{"@type":"WebPage","@id":"https:\/\/mirracosmeticos.com\/seja-um-distribuidor\/","url":"https:\/\/mirracosmeticos.com\/seja-um-distribuidor\/","name":"Seja um Distribuidor - Mirra Professional","isPartOf":{"@id":"https:\/\/mirracosmeticos.com\/#website"},"datePublished":"2025-07-24T14:32:41+00:00","dateModified":"2026-03-04T23:12:38+00:00","breadcrumb":{"@id":"https:\/\/mirracosmeticos.com\/seja-um-distribuidor\/#breadcrumb"},"inLanguage":"es","potentialAction":[{"@type":"ReadAction","target":["https:\/\/mirracosmeticos.com\/seja-um-distribuidor\/"]}]},{"@type":"BreadcrumbList","@id":"https:\/\/mirracosmeticos.com\/seja-um-distribuidor\/#breadcrumb","itemListElement":[{"@type":"ListItem","position":1,"name":"In\u00edcio","item":"https:\/\/mirracosmeticos.com\/"},{"@type":"ListItem","position":2,"name":"Seja um Distribuidor"}]},{"@type":"WebSite","@id":"https:\/\/mirracosmeticos.com\/#website","url":"https:\/\/mirracosmeticos.com\/","name":"Mirra Professional","description":"","potentialAction":[{"@type":"SearchAction","target":{"@type":"EntryPoint","urlTemplate":"https:\/\/mirracosmeticos.com\/?s={search_term_string}"},"query-input":{"@type":"PropertyValueSpecification","valueRequired":true,"valueName":"search_term_string"}}],"inLanguage":"es"}]}},"_links":{"self":[{"href":"https:\/\/mirracosmeticos.com\/es\/wp-json\/wp\/v2\/pages\/3069","targetHints":{"allow":["GET"]}}],"collection":[{"href":"https:\/\/mirracosmeticos.com\/es\/wp-json\/wp\/v2\/pages"}],"about":[{"href":"https:\/\/mirracosmeticos.com\/es\/wp-json\/wp\/v2\/types\/page"}],"author":[{"embeddable":true,"href":"https:\/\/mirracosmeticos.com\/es\/wp-json\/wp\/v2\/users\/1"}],"replies":[{"embeddable":true,"href":"https:\/\/mirracosmeticos.com\/es\/wp-json\/wp\/v2\/comments?post=3069"}],"version-history":[{"count":52,"href":"https:\/\/mirracosmeticos.com\/es\/wp-json\/wp\/v2\/pages\/3069\/revisions"}],"predecessor-version":[{"id":3319,"href":"https:\/\/mirracosmeticos.com\/es\/wp-json\/wp\/v2\/pages\/3069\/revisions\/3319"}],"wp:attachment":[{"href":"https:\/\/mirracosmeticos.com\/es\/wp-json\/wp\/v2\/media?parent=3069"}],"curies":[{"name":"wp","href":"https:\/\/api.w.org\/{rel}","templated":true}]}}