{"id":10,"date":"2023-11-25T21:33:35","date_gmt":"2023-11-26T00:33:35","guid":{"rendered":"https:\/\/mirracosmeticos.com\/eshop\/?page_id=10"},"modified":"2024-02-12T15:49:11","modified_gmt":"2024-02-12T18:49:11","slug":"minha-conta","status":"publish","type":"page","link":"https:\/\/mirracosmeticos.com\/eshop\/minha-conta\/","title":{"rendered":"Minha conta"},"content":{"rendered":"\t\t<div data-elementor-type=\"wp-page\" data-elementor-id=\"10\" class=\"elementor elementor-10\" data-elementor-post-type=\"page\">\n\t\t\t\t<div class=\"elementor-element elementor-element-56784b2 e-flex e-con-boxed e-con e-parent \" data-id=\"56784b2\" data-element_type=\"container\" data-e-type=\"container\">\t\t\t<div class=\"e-con-inner\">\r\n\t\t\t\t<div class=\"elementor-element elementor-element-b987b17 e-my-account-tabs-vertical elementor-widget elementor-widget-woocommerce-my-account\" data-id=\"b987b17\" data-element_type=\"widget\" data-e-type=\"widget\" data-widget_type=\"woocommerce-my-account.default\">\n\t\t\t\t<div class=\"elementor-widget-container\">\n\t\t\t\t\t<div class=\"e-my-account-tab e-my-account-tab__ \">\t\t\t<div class=\"woocommerce\"><\/div>\t\t<\/div>\n\t\t\t\t\t\t<\/div>\n\t\t\t\t<\/div>\n\t\t\t\t\t<\/div>\r\n\t\t\t\t<\/div>\r\n\t\t\t\t<\/div>\n\t\t","protected":false},"excerpt":{"rendered":"<p>Painel Pedidos Downloads Endere\u00e7os Detalhes da conta Sair Ol\u00e1, admin (n\u00e3o \u00e9 admin? Sair) A partir do painel de controle de sua conta, voc\u00ea pode ver suas compras recentes, gerenciar seus endere\u00e7os de entrega e faturamento, e editar sua senha e detalhes da conta.<\/p>\n","protected":false},"author":1,"featured_media":0,"parent":0,"menu_order":0,"comment_status":"closed","ping_status":"closed","template":"","meta":{"inline_featured_image":false,"footnotes":""},"class_list":["post-10","page","type-page","status-publish","hentry"],"_links":{"self":[{"href":"https:\/\/mirracosmeticos.com\/eshop\/wp-json\/wp\/v2\/pages\/10","targetHints":{"allow":["GET"]}}],"collection":[{"href":"https:\/\/mirracosmeticos.com\/eshop\/wp-json\/wp\/v2\/pages"}],"about":[{"href":"https:\/\/mirracosmeticos.com\/eshop\/wp-json\/wp\/v2\/types\/page"}],"author":[{"embeddable":true,"href":"https:\/\/mirracosmeticos.com\/eshop\/wp-json\/wp\/v2\/users\/1"}],"replies":[{"embeddable":true,"href":"https:\/\/mirracosmeticos.com\/eshop\/wp-json\/wp\/v2\/comments?post=10"}],"version-history":[{"count":36,"href":"https:\/\/mirracosmeticos.com\/eshop\/wp-json\/wp\/v2\/pages\/10\/revisions"}],"predecessor-version":[{"id":1075,"href":"https:\/\/mirracosmeticos.com\/eshop\/wp-json\/wp\/v2\/pages\/10\/revisions\/1075"}],"wp:attachment":[{"href":"https:\/\/mirracosmeticos.com\/eshop\/wp-json\/wp\/v2\/media?parent=10"}],"curies":[{"name":"wp","href":"https:\/\/api.w.org\/{rel}","templated":true}]}}